{"id":88,"date":"2012-07-04T22:57:16","date_gmt":"2012-07-05T01:57:16","guid":{"rendered":"http:\/\/etecia.com.br\/portaletecia\/?page_id=88"},"modified":"2012-07-04T22:57:16","modified_gmt":"2012-07-05T01:57:16","slug":"prazo-de-entrega-de-documentos","status":"publish","type":"page","link":"https:\/\/etecia.com.br\/?page_id=88","title":{"rendered":"Prazo de Entrega de Documentos"},"content":{"rendered":"<table border=\"1\" cellspacing=\"0\" cellpadding=\"0\">\n<tbody>\n<tr>\n<td valign=\"top\" width=\"291\">DECLARA\u00c7\u00c3O DE CONCLUS\u00c3O DE CURSO<\/td>\n<td valign=\"top\" width=\"93\">\u00a004 DIAS<\/td>\n<\/tr>\n<tr>\n<td valign=\"top\" width=\"291\">OUTRAS DECLARA\u00c7\u00d5ES<\/td>\n<td valign=\"top\" width=\"93\">\u00a002 DIAS<\/td>\n<\/tr>\n<tr>\n<td valign=\"top\" width=\"291\">GRADE CURRICULAR<\/td>\n<td valign=\"top\" width=\"93\">\u00a002 DIAS<\/td>\n<\/tr>\n<tr>\n<td valign=\"top\" width=\"291\">HIST\u00d3RICO DE TRANSFER\u00caNCIA<\/td>\n<td valign=\"top\" width=\"93\">\u00a003 DIAS<\/td>\n<\/tr>\n<tr>\n<td valign=\"top\" width=\"291\">CARTEIRINHA 2a VIA<\/td>\n<td valign=\"top\" width=\"93\">\u00a002 DIAS<\/td>\n<\/tr>\n<tr>\n<td valign=\"top\" width=\"291\">CERTIFICADO MODULAR<\/td>\n<td valign=\"top\" width=\"93\">\u00a015 DIAS<\/td>\n<\/tr>\n<tr>\n<td valign=\"top\" width=\"291\">HIST\u00d3RICO ESCOLAR (CONCLUS\u00c3O DE CURSO)<\/td>\n<td valign=\"top\" width=\"93\">\u00a030 DIAS<\/td>\n<\/tr>\n<tr>\n<td valign=\"top\" width=\"291\">HIST\u00d3RICO ESCOLAR 2\u00aa VIA<\/td>\n<td valign=\"top\" width=\"93\">\u00a010 DIAS<\/td>\n<\/tr>\n<\/tbody>\n<\/table>\n","protected":false},"excerpt":{"rendered":"<p>DECLARA\u00c7\u00c3O DE CONCLUS\u00c3O DE CURSO \u00a004 DIAS OUTRAS DECLARA\u00c7\u00d5ES \u00a002 DIAS GRADE CURRICULAR \u00a002 DIAS HIST\u00d3RICO DE TRANSFER\u00caNCIA \u00a003 DIAS CARTEIRINHA 2a VIA \u00a002 DIAS CERTIFICADO MODULAR \u00a015 DIAS HIST\u00d3RICO ESCOLAR (CONCLUS\u00c3O DE CURSO) \u00a030 DIAS HIST\u00d3RICO ESCOLAR 2\u00aa VIA \u00a010 DIAS<\/p>\n","protected":false},"author":1,"featured_media":0,"parent":0,"menu_order":0,"comment_status":"closed","ping_status":"closed","template":"","meta":[],"_links":{"self":[{"href":"https:\/\/etecia.com.br\/index.php?rest_route=\/wp\/v2\/pages\/88"}],"collection":[{"href":"https:\/\/etecia.com.br\/index.php?rest_route=\/wp\/v2\/pages"}],"about":[{"href":"https:\/\/etecia.com.br\/index.php?rest_route=\/wp\/v2\/types\/page"}],"author":[{"embeddable":true,"href":"https:\/\/etecia.com.br\/index.php?rest_route=\/wp\/v2\/users\/1"}],"replies":[{"embeddable":true,"href":"https:\/\/etecia.com.br\/index.php?rest_route=%2Fwp%2Fv2%2Fcomments&post=88"}],"version-history":[{"count":0,"href":"https:\/\/etecia.com.br\/index.php?rest_route=\/wp\/v2\/pages\/88\/revisions"}],"wp:attachment":[{"href":"https:\/\/etecia.com.br\/index.php?rest_route=%2Fwp%2Fv2%2Fmedia&parent=88"}],"curies":[{"name":"wp","href":"https:\/\/api.w.org\/{rel}","templated":true}]}}