{"id":82,"date":"2012-07-04T22:55:33","date_gmt":"2012-07-05T01:55:33","guid":{"rendered":"http:\/\/etecia.com.br\/portaletecia\/?page_id=82"},"modified":"2012-07-04T22:55:33","modified_gmt":"2012-07-05T01:55:33","slug":"reclassificacao","status":"publish","type":"page","link":"https:\/\/etecia.com.br\/?page_id=82","title":{"rendered":"Reclassifica\u00e7\u00e3o"},"content":{"rendered":"<p>A reclassifica\u00e7\u00e3o do aluno poder\u00e1 ocorrer por solicita\u00e7\u00e3o do pr\u00f3prio aluno ou de seu respons\u00e1vel, se menor, mediante requerimento dirigido ao Diretor da Unidade Escolar, at\u00e9 cinco dias \u00fateis, contados a partir da publica\u00e7\u00e3o do resultado do conselho de Classe.<\/p>\n","protected":false},"excerpt":{"rendered":"<p>A reclassifica\u00e7\u00e3o do aluno poder\u00e1 ocorrer por solicita\u00e7\u00e3o do pr\u00f3prio aluno ou de seu respons\u00e1vel, se menor, mediante requerimento dirigido ao Diretor da Unidade Escolar, at\u00e9 cinco dias \u00fateis, contados a partir da publica\u00e7\u00e3o do resultado do conselho de Classe.<\/p>\n","protected":false},"author":1,"featured_media":0,"parent":0,"menu_order":0,"comment_status":"closed","ping_status":"closed","template":"","meta":[],"_links":{"self":[{"href":"https:\/\/etecia.com.br\/index.php?rest_route=\/wp\/v2\/pages\/82"}],"collection":[{"href":"https:\/\/etecia.com.br\/index.php?rest_route=\/wp\/v2\/pages"}],"about":[{"href":"https:\/\/etecia.com.br\/index.php?rest_route=\/wp\/v2\/types\/page"}],"author":[{"embeddable":true,"href":"https:\/\/etecia.com.br\/index.php?rest_route=\/wp\/v2\/users\/1"}],"replies":[{"embeddable":true,"href":"https:\/\/etecia.com.br\/index.php?rest_route=%2Fwp%2Fv2%2Fcomments&post=82"}],"version-history":[{"count":0,"href":"https:\/\/etecia.com.br\/index.php?rest_route=\/wp\/v2\/pages\/82\/revisions"}],"wp:attachment":[{"href":"https:\/\/etecia.com.br\/index.php?rest_route=%2Fwp%2Fv2%2Fmedia&parent=82"}],"curies":[{"name":"wp","href":"https:\/\/api.w.org\/{rel}","templated":true}]}}