{"id":80,"date":"2012-07-04T22:55:12","date_gmt":"2012-07-05T01:55:12","guid":{"rendered":"http:\/\/etecia.com.br\/portaletecia\/?page_id=80"},"modified":"2012-07-04T22:55:12","modified_gmt":"2012-07-05T01:55:12","slug":"progressao-parcial","status":"publish","type":"page","link":"https:\/\/etecia.com.br\/?page_id=80","title":{"rendered":"Progress\u00e3o Parcial"},"content":{"rendered":"<p>O aluno com rendimento insatisfat\u00f3rio em at\u00e9 tr\u00eas componentes curriculares, exceto na s\u00e9rie ou m\u00f3dulo final, na s\u00e9rie\/ m\u00f3dulo subsequente em regime de progresso parcial, desde que preservada a sequ\u00eancia do curr\u00edculo, devendo submeter, nesta s\u00e9rie\/m\u00f3dulo, a programa especial de estudos.<\/p>\n<p>A reten\u00e7\u00e3o em componentes curriculares cursados em regime de progress\u00e3o parcial n\u00e3o determina a reten\u00e7\u00e3o na s\u00e9rie ou m\u00f3dulos regulares.<\/p>\n<p>O aluno poder\u00e1 acumular at\u00e9 tr\u00eas componentes curriculares cursados em regimes de progress\u00e3o parcial, ainda de s\u00e9ries ou m\u00f3dulos diferentes.<\/p>\n","protected":false},"excerpt":{"rendered":"<p>O aluno com rendimento insatisfat\u00f3rio em at\u00e9 tr\u00eas componentes curriculares, exceto na s\u00e9rie ou m\u00f3dulo final, na s\u00e9rie\/ m\u00f3dulo subsequente em regime de progresso parcial, desde que preservada a sequ\u00eancia do curr\u00edculo, devendo submeter, nesta s\u00e9rie\/m\u00f3dulo, a programa especial de estudos. A reten\u00e7\u00e3o em componentes curriculares cursados em regime de progress\u00e3o parcial n\u00e3o determina a&nbsp;&hellip;<\/p>\n","protected":false},"author":1,"featured_media":0,"parent":0,"menu_order":0,"comment_status":"closed","ping_status":"closed","template":"","meta":[],"_links":{"self":[{"href":"https:\/\/etecia.com.br\/index.php?rest_route=\/wp\/v2\/pages\/80"}],"collection":[{"href":"https:\/\/etecia.com.br\/index.php?rest_route=\/wp\/v2\/pages"}],"about":[{"href":"https:\/\/etecia.com.br\/index.php?rest_route=\/wp\/v2\/types\/page"}],"author":[{"embeddable":true,"href":"https:\/\/etecia.com.br\/index.php?rest_route=\/wp\/v2\/users\/1"}],"replies":[{"embeddable":true,"href":"https:\/\/etecia.com.br\/index.php?rest_route=%2Fwp%2Fv2%2Fcomments&post=80"}],"version-history":[{"count":0,"href":"https:\/\/etecia.com.br\/index.php?rest_route=\/wp\/v2\/pages\/80\/revisions"}],"wp:attachment":[{"href":"https:\/\/etecia.com.br\/index.php?rest_route=%2Fwp%2Fv2%2Fmedia&parent=80"}],"curies":[{"name":"wp","href":"https:\/\/api.w.org\/{rel}","templated":true}]}}