{"id":74,"date":"2012-07-04T22:54:01","date_gmt":"2012-07-05T01:54:01","guid":{"rendered":"http:\/\/etecia.com.br\/portaletecia\/?page_id=74"},"modified":"2012-07-04T22:54:01","modified_gmt":"2012-07-05T01:54:01","slug":"trancamentos","status":"publish","type":"page","link":"https:\/\/etecia.com.br\/?page_id=74","title":{"rendered":"Trancamentos"},"content":{"rendered":"<p>O trancamento de matr\u00edcula \u00e9 permitido uma vez por s\u00e9rie e m\u00f3dulo. Ficando o retorno condicionado:<\/p>\n<p>A &#8211; A exist\u00eancia do curso, s\u00e9rie ou m\u00f3dulo, no per\u00edodo letivo e turno pretendido;<\/p>\n<p>B &#8211; Ao cumprimento de eventuais altera\u00e7\u00f5es ocorridas no Curr\u00edculo<\/p>\n<p>Para solicitar o trancamento da matr\u00edcula o aluno deve preencher a solicita\u00e7\u00e3o na secretaria acad\u00eamica e aguarda o resultado do pedido no prazo de 5 dias \u00fateis, quando ent\u00e3o deve retornar para tomar ci\u00eancia do deferimento ou indeferimento.<\/p>\n","protected":false},"excerpt":{"rendered":"<p>O trancamento de matr\u00edcula \u00e9 permitido uma vez por s\u00e9rie e m\u00f3dulo. Ficando o retorno condicionado: A &#8211; A exist\u00eancia do curso, s\u00e9rie ou m\u00f3dulo, no per\u00edodo letivo e turno pretendido; B &#8211; Ao cumprimento de eventuais altera\u00e7\u00f5es ocorridas no Curr\u00edculo Para solicitar o trancamento da matr\u00edcula o aluno deve preencher a solicita\u00e7\u00e3o na secretaria&nbsp;&hellip;<\/p>\n","protected":false},"author":1,"featured_media":0,"parent":0,"menu_order":0,"comment_status":"closed","ping_status":"closed","template":"","meta":[],"_links":{"self":[{"href":"https:\/\/etecia.com.br\/index.php?rest_route=\/wp\/v2\/pages\/74"}],"collection":[{"href":"https:\/\/etecia.com.br\/index.php?rest_route=\/wp\/v2\/pages"}],"about":[{"href":"https:\/\/etecia.com.br\/index.php?rest_route=\/wp\/v2\/types\/page"}],"author":[{"embeddable":true,"href":"https:\/\/etecia.com.br\/index.php?rest_route=\/wp\/v2\/users\/1"}],"replies":[{"embeddable":true,"href":"https:\/\/etecia.com.br\/index.php?rest_route=%2Fwp%2Fv2%2Fcomments&post=74"}],"version-history":[{"count":0,"href":"https:\/\/etecia.com.br\/index.php?rest_route=\/wp\/v2\/pages\/74\/revisions"}],"wp:attachment":[{"href":"https:\/\/etecia.com.br\/index.php?rest_route=%2Fwp%2Fv2%2Fmedia&parent=74"}],"curies":[{"name":"wp","href":"https:\/\/api.w.org\/{rel}","templated":true}]}}