{"id":72,"date":"2012-07-04T22:53:36","date_gmt":"2012-07-05T01:53:36","guid":{"rendered":"http:\/\/etecia.com.br\/portaletecia\/?page_id=72"},"modified":"2012-07-04T22:53:36","modified_gmt":"2012-07-05T01:53:36","slug":"aproveitamento-de-estudos","status":"publish","type":"page","link":"https:\/\/etecia.com.br\/?page_id=72","title":{"rendered":"Aproveitamento de Estudos"},"content":{"rendered":"<p>O Aluno ou seu Respons\u00e1vel se menor, poder\u00e1 solicitar o aproveitamento de estudos e Avalia\u00e7\u00e3o de compet\u00eancias, a escola avaliar\u00e1 as compet\u00eancias adquiridas pelo aluno:<\/p>\n<p>A &#8211; Componentes curriculares ou cursos realizados em outras escolas\/ institui\u00e7\u00f5es do sistema formal de ensino ou n\u00e3o:<\/p>\n<p>&#8211; Documentos: Hist\u00f3rico Escolar ou declara\u00e7\u00e3o ou certificado de conclus\u00e3o de curso<\/p>\n<p>B &#8211; Aproveitamento de Estudos por Compet\u00eancias adquiridas no trabalho ou na experi\u00eancia extra-escolar:<\/p>\n<p>&#8211; Documentos: Carteira Profissional, declara\u00e7\u00e3o, documento de recolhimento como aut\u00f4nomo e outros<\/p>\n<p>C &#8211; No Caso de Estudos realizados na Pr\u00f3pria escola:<\/p>\n<p>Os Documentos comprobat\u00f3rios, se necess\u00e1rios, ser\u00e1 anexados pela Secretaria Acad\u00eamica, ap\u00f3s recebimento da solicita\u00e7\u00e3o<\/p>\n<p>A Dispensa parcial ou total de componentes da s\u00e9rie ou m\u00f3dulo, valendo-se, para tanto, do exame de documentos, entrevistas, provas escritas ou pr\u00e1ticas ou de outros instrumentos de avalia\u00e7\u00e3o compat\u00edveis.<\/p>\n","protected":false},"excerpt":{"rendered":"<p>O Aluno ou seu Respons\u00e1vel se menor, poder\u00e1 solicitar o aproveitamento de estudos e Avalia\u00e7\u00e3o de compet\u00eancias, a escola avaliar\u00e1 as compet\u00eancias adquiridas pelo aluno: A &#8211; Componentes curriculares ou cursos realizados em outras escolas\/ institui\u00e7\u00f5es do sistema formal de ensino ou n\u00e3o: &#8211; Documentos: Hist\u00f3rico Escolar ou declara\u00e7\u00e3o ou certificado de conclus\u00e3o de curso&nbsp;&hellip;<\/p>\n","protected":false},"author":1,"featured_media":0,"parent":0,"menu_order":0,"comment_status":"closed","ping_status":"closed","template":"","meta":[],"_links":{"self":[{"href":"https:\/\/etecia.com.br\/index.php?rest_route=\/wp\/v2\/pages\/72"}],"collection":[{"href":"https:\/\/etecia.com.br\/index.php?rest_route=\/wp\/v2\/pages"}],"about":[{"href":"https:\/\/etecia.com.br\/index.php?rest_route=\/wp\/v2\/types\/page"}],"author":[{"embeddable":true,"href":"https:\/\/etecia.com.br\/index.php?rest_route=\/wp\/v2\/users\/1"}],"replies":[{"embeddable":true,"href":"https:\/\/etecia.com.br\/index.php?rest_route=%2Fwp%2Fv2%2Fcomments&post=72"}],"version-history":[{"count":0,"href":"https:\/\/etecia.com.br\/index.php?rest_route=\/wp\/v2\/pages\/72\/revisions"}],"wp:attachment":[{"href":"https:\/\/etecia.com.br\/index.php?rest_route=%2Fwp%2Fv2%2Fmedia&parent=72"}],"curies":[{"name":"wp","href":"https:\/\/api.w.org\/{rel}","templated":true}]}}