{"id":58,"date":"2012-07-04T20:04:12","date_gmt":"2012-07-04T23:04:12","guid":{"rendered":"http:\/\/etecia.com.br\/portaletecia\/?page_id=58"},"modified":"2012-07-04T20:04:12","modified_gmt":"2012-07-04T23:04:12","slug":"missao-e-visao","status":"publish","type":"page","link":"https:\/\/etecia.com.br\/?page_id=58","title":{"rendered":"Miss\u00e3o e Vis\u00e3o"},"content":{"rendered":"<p><strong>Miss\u00e3o<\/strong><\/p>\n<p>Possibilitar que o aluno tenha dom\u00ednio de diferentes instrumentos do conhecimento, al\u00e9m de favorecer o desenvolvimento do senso cr\u00edtico e curiosidade intelectual para poder interagir de forma aut\u00f4noma e solid\u00e1ria no ambiente que vive.<\/p>\n<p><strong>Vis\u00e3o<\/strong><\/p>\n<p>Ser reconhecida como uma escola que al\u00e9m de favorecer o desenvolvimento cultural promove a aquisi\u00e7\u00e3o de valores \u00e9ticos, morais e a solidariedade.<\/p>\n","protected":false},"excerpt":{"rendered":"<p>Miss\u00e3o Possibilitar que o aluno tenha dom\u00ednio de diferentes instrumentos do conhecimento, al\u00e9m de favorecer o desenvolvimento do senso cr\u00edtico e curiosidade intelectual para poder interagir de forma aut\u00f4noma e solid\u00e1ria no ambiente que vive. Vis\u00e3o Ser reconhecida como uma escola que al\u00e9m de favorecer o desenvolvimento cultural promove a aquisi\u00e7\u00e3o de valores \u00e9ticos, morais&nbsp;&hellip;<\/p>\n","protected":false},"author":1,"featured_media":0,"parent":0,"menu_order":0,"comment_status":"closed","ping_status":"closed","template":"","meta":[],"_links":{"self":[{"href":"https:\/\/etecia.com.br\/index.php?rest_route=\/wp\/v2\/pages\/58"}],"collection":[{"href":"https:\/\/etecia.com.br\/index.php?rest_route=\/wp\/v2\/pages"}],"about":[{"href":"https:\/\/etecia.com.br\/index.php?rest_route=\/wp\/v2\/types\/page"}],"author":[{"embeddable":true,"href":"https:\/\/etecia.com.br\/index.php?rest_route=\/wp\/v2\/users\/1"}],"replies":[{"embeddable":true,"href":"https:\/\/etecia.com.br\/index.php?rest_route=%2Fwp%2Fv2%2Fcomments&post=58"}],"version-history":[{"count":0,"href":"https:\/\/etecia.com.br\/index.php?rest_route=\/wp\/v2\/pages\/58\/revisions"}],"wp:attachment":[{"href":"https:\/\/etecia.com.br\/index.php?rest_route=%2Fwp%2Fv2%2Fmedia&parent=58"}],"curies":[{"name":"wp","href":"https:\/\/api.w.org\/{rel}","templated":true}]}}