{"id":5041,"date":"2021-07-29T12:33:09","date_gmt":"2021-07-29T15:33:09","guid":{"rendered":"http:\/\/etecirmaagostina.com.br\/?page_id=5041"},"modified":"2021-09-20T11:19:17","modified_gmt":"2021-09-20T14:19:17","slug":"ensino-hibrido","status":"publish","type":"page","link":"https:\/\/etecia.com.br\/?page_id=5041","title":{"rendered":"Ensino H\u00edbrido"},"content":{"rendered":"<div class=\"gridContainer\">\n<p>Ap\u00f3s a publica\u00e7\u00e3o dos Comunicados GDS de 08 e 16 de Julho de 2021, a ETEC Irm\u00e3 Agostina iniciou o planejamento do retorno presencial para os alunos da sede e classe descentralizada. Nessa p\u00e1gina voc\u00ea ter\u00e1 acesso \u00e0s principais informa\u00e7\u00f5es sobre o retorno.<\/p>\n<\/div>\n\n<div class=\"gridContainer\">\n<p> .<\/p>\n<\/div>\n\n<div class=\"gridContainer\">\n<h3>Quando come\u00e7a?<\/h3>\n<\/div>\n\n<div class=\"gridContainer\">\n<p>O modelo h\u00edbrido ter\u00e1 in\u00edcio a partir de segunda-feira 02\/08.<\/p>\n<\/div>\n\n<div class=\"gridContainer\">\n<p> .<\/p>\n<\/div>\n\n<div class=\"gridContainer\">\n<h3>Como ser\u00e1 o rod\u00edzio?<\/h3>\n<\/div>\n\n<div class=\"gridContainer\">\n<p>No momento n\u00e3o podemos atender com seguran\u00e7a 100% dos alunos. Sendo assim, iremos realizar o rod\u00edzio dos alunos. A turma ser\u00e1 dividida em dois grupos (Grupo A e Grupo B). Na primeira semana o Grupo A ter\u00e1 aulas presenciais todos os dias da semana, enquanto o Grupo B ter\u00e1 aulas remotas (via plataforma Teams). Na semana seguinte os grupos invertem, ou seja,  o Grupo ter\u00e1 aula presenciais e ao Grupo A ter\u00e1 aulas remotas. <\/p>\n<\/div>\n\n<div class=\"gridContainer\">\n<p>Por conta da demanda de aulas pr\u00e1ticas, eventualmente a escola ir\u00e1 receber a turma toda na escola, separando os alunos em diversos laborat\u00f3rios. A coordena\u00e7\u00e3o do curso ir\u00e1 informar os alunos sobre esse calend\u00e1rio espec\u00edfico.<\/p>\n<\/div>\n\n<div class=\"gridContainer\">\n<p> .<\/p>\n<\/div>\n\n<div class=\"gridContainer\">\n<h3>O aluno \u00e9 obrigado a ir para a escola?<\/h3>\n<\/div>\n\n<div class=\"gridContainer\">\n<p>Segundo Delibera\u00e7\u00e3o do CEE 201\/2021, os alunos devem frequentar presencialmente as aulas. Entendendo que muitas fam\u00edlias ainda n\u00e3o se sentem seguras no contexto da pandemia, aqueles que optarem por continuar integralmente no modelo remoto, devem informar a escola por meio da entrega da declara\u00e7\u00e3o a seguir. Esses alunos devem continuar participando das aulas via plataforma Teams e realizando as atividades.<\/p>\n<\/div>\n\n<div class=\"gridContainer\">\n<div class=\"wp-block-file\"><a href=\"http:\/\/etecia.com.br\/wp-content\/uploads\/2021\/07\/TERMO-DE-RESPONSABILIDADE-RETORNO-DAS-AULAS-PRESENCIAIS.pdf\" class=\"broken_link\">TERMO DE RESPONSABILIDADE<\/a><a href=\"http:\/\/etecia.com.br\/wp-content\/uploads\/2021\/07\/TERMO-DE-RESPONSABILIDADE-RETORNO-DAS-AULAS-PRESENCIAIS.pdf\" class=\"wp-block-file__button broken_link\">Baixar<\/a><\/div>\n<\/div>\n\n<div class=\"gridContainer\">\n<p> .<\/p>\n<\/div>\n\n<div class=\"gridContainer\">\n<h3>Como frequentar as aulas com seguran\u00e7a?<\/h3>\n<\/div>\n\n<div class=\"gridContainer\">\n<p>A ETEC Irm\u00e3 Agostina criou uma cartilha com todas as informa\u00e7\u00f5es do protocolo de seguran\u00e7a sanit\u00e1ria que deve ser adoto por alunos e professores. De forma geral, destacamos as seguintes recomenda\u00e7\u00f5es:<\/p>\n<\/div>\n\n<div class=\"gridContainer\">\n<ul><li><strong>M\u00e1scara<\/strong>: todos devem usar m\u00e1scara durante todo per\u00edodo da escola. Recomendamos trazer mais de uma m\u00e1scara para trocar durante o per\u00edodo de perman\u00eancia. Para alunos de ensino m\u00e9dio, \u00e9 necess\u00e1rio trazer uma m\u00e1scara exclusiva para a pr\u00e1tica das atividades esportivas.<\/li><li><strong>\u00c1gua<\/strong>: \u00e9 necess\u00e1rio trazer uma garrafa de \u00e1gua pessoal para se hidratar durante o per\u00edodo das aulas. Os bebedouros foram adaptados para permitir apenas o abastecimento das garrafas.<\/li><li><strong>Material<\/strong>: evitar compartilhamento de materiais. Dar prefer\u00eancia para o uso de conte\u00fados digital ao inv\u00e9s de material impresso.<\/li><li><strong>Higiene pessoal:<\/strong> na entrada e ao longo do per\u00edodo de perman\u00eancia na escola, desinfetar os cal\u00e7ados atrav\u00e9s dos tapetes sanitizantes e as m\u00e3os nos totens de \u00e1lcool gel espalhados pela escola.<\/li><li><strong>Ambientes<\/strong>: zelar pela ventila\u00e7\u00e3o dos ambientes, mantendo portas e janelas sempre abertos.<\/li><li><strong>Distanciamento<\/strong>: manter sempre o distanciamento social, respeitando as sinaliza\u00e7\u00f5es espalhadas pela escola.<\/li><\/ul>\n<\/div>\n\n<div class=\"gridContainer\">\n<div class=\"wp-block-file\"><a href=\"http:\/\/etecia.com.br\/wp-content\/uploads\/2021\/09\/monitoramento-covid-retorno-2_210807_162518.pdf\" class=\"broken_link\">Protocolo para casos suspeitos e confirmados<\/a><a href=\"http:\/\/etecia.com.br\/wp-content\/uploads\/2021\/09\/monitoramento-covid-retorno-2_210807_162518.pdf\" class=\"wp-block-file__button broken_link\">Baixar<\/a><\/div>\n<\/div>\n\n<div class=\"gridContainer\">\n<p> .<\/p>\n<\/div>\n\n<div class=\"gridContainer\">\n<h3>Transporte<\/h3>\n<\/div>\n\n<div class=\"gridContainer\">\n<p>A secretaria j\u00e1 informou a SPTrans sobre o retorno das aulas. Estamos aguardando a libera\u00e7\u00e3o das cotas do bilhete \u00fanico escolar.<\/p>\n<\/div>\n\n<div class=\"gridContainer\">\n<p> .<\/p>\n<\/div>\n\n<div class=\"gridContainer\">\n<h3>Alimenta\u00e7\u00e3o<\/h3>\n<\/div>\n\n<div class=\"gridContainer\">\n<p>Nesse momento, por raz\u00e3o da suspens\u00e3o dos contratos de fornecimento de alimenta\u00e7\u00e3o, n\u00e3o ser\u00e1 fornecido lanche e almo\u00e7o na unidade sede. Na classe descentralizado (CEU Vila Rubi) haver\u00e1 refei\u00e7\u00e3o fornecida pela prefeitura.<\/p>\n<\/div>\n\n<div class=\"gridContainer\">\n<p>As op\u00e7\u00f5es de almo\u00e7o para os alunos de ensino m\u00e9dio s\u00e3o:<\/p>\n<\/div>\n\n<div class=\"gridContainer\">\n<ul><li>Pratos feitos vendidos na cantina<\/li><li>Marmita trazidas pelos alunos<\/li><\/ul>\n<\/div>\n\n<div class=\"gridContainer\">\n<p>Durante o hor\u00e1rio de almo\u00e7o, haver\u00e1 rod\u00edzio de turmas para manter o distanciamento no refeit\u00f3rio. Cada aluno ter\u00e1 30 minutos para almo\u00e7ar e mais 30 minutos de hor\u00e1rio livre.<\/p>\n<\/div>\n\n<div class=\"gridContainer\">\n<p> .<\/p>\n<\/div>\n\n<div class=\"gridContainer\">\n<h3>Contatos<\/h3>\n<\/div>\n\n<div class=\"gridContainer\">\n<p>Nossa equipe administrativa e pedag\u00f3gica est\u00e1 a disposi\u00e7\u00e3o para esclarecer maiores d\u00favidas atrav\u00e9s dos seguintes meios:<\/p>\n<\/div>\n\n<div class=\"gridContainer\">\n<ul><li>Coordena\u00e7\u00e3o Pedag\u00f3gica: alvaro.rocha2@etec.sp.gov.br<\/li><li>Orienta\u00e7\u00e3o Educacional: e238.educacional@etec.sp.gov.br, 93409-6335,<\/li><li>Secretaria Acad\u00eamica: secretaria@etecia.com.br, 98960-0597<\/li><\/ul>\n<\/div>\n\n<div class=\"gridContainer\">\n<p>Voc\u00ea tamb\u00e9m pode procurar os coordenadores via MS Teams.<\/p>\n<\/div>","protected":false},"excerpt":{"rendered":"<p>Ap\u00f3s a publica\u00e7\u00e3o dos Comunicados GDS de 08 e 16 de Julho de 2021, a ETEC Irm\u00e3 Agostina iniciou o planejamento do retorno presencial para os alunos da sede e classe descentralizada. Nessa p\u00e1gina voc\u00ea ter\u00e1 acesso \u00e0s principais informa\u00e7\u00f5es sobre o retorno. . Quando come\u00e7a? O modelo h\u00edbrido ter\u00e1 in\u00edcio a partir de segunda-feira&nbsp;&hellip;<\/p>\n","protected":false},"author":1,"featured_media":5042,"parent":0,"menu_order":0,"comment_status":"closed","ping_status":"closed","template":"","meta":[],"_links":{"self":[{"href":"https:\/\/etecia.com.br\/index.php?rest_route=\/wp\/v2\/pages\/5041"}],"collection":[{"href":"https:\/\/etecia.com.br\/index.php?rest_route=\/wp\/v2\/pages"}],"about":[{"href":"https:\/\/etecia.com.br\/index.php?rest_route=\/wp\/v2\/types\/page"}],"author":[{"embeddable":true,"href":"https:\/\/etecia.com.br\/index.php?rest_route=\/wp\/v2\/users\/1"}],"replies":[{"embeddable":true,"href":"https:\/\/etecia.com.br\/index.php?rest_route=%2Fwp%2Fv2%2Fcomments&post=5041"}],"version-history":[{"count":8,"href":"https:\/\/etecia.com.br\/index.php?rest_route=\/wp\/v2\/pages\/5041\/revisions"}],"predecessor-version":[{"id":5082,"href":"https:\/\/etecia.com.br\/index.php?rest_route=\/wp\/v2\/pages\/5041\/revisions\/5082"}],"wp:featuredmedia":[{"embeddable":true,"href":"https:\/\/etecia.com.br\/index.php?rest_route=\/wp\/v2\/media\/5042"}],"wp:attachment":[{"href":"https:\/\/etecia.com.br\/index.php?rest_route=%2Fwp%2Fv2%2Fmedia&parent=5041"}],"curies":[{"name":"wp","href":"https:\/\/api.w.org\/{rel}","templated":true}]}}