{"id":4884,"date":"2021-06-29T21:22:05","date_gmt":"2021-06-30T00:22:05","guid":{"rendered":"http:\/\/etecirmaagostina.com.br\/?page_id=4884"},"modified":"2021-07-01T22:13:43","modified_gmt":"2021-07-02T01:13:43","slug":"selo-de-qualidade-crq-iv","status":"publish","type":"page","link":"https:\/\/etecia.com.br\/?page_id=4884","title":{"rendered":"Selo de Qualidade &#8211; CRQ IV"},"content":{"rendered":"\t\t<div data-elementor-type=\"wp-page\" data-elementor-id=\"4884\" class=\"elementor elementor-4884\" data-elementor-settings=\"[]\">\n\t\t\t\t\t\t\t<div class=\"elementor-section-wrap\">\n\t\t\t\t\t\t\t<section class=\"elementor-section elementor-top-section elementor-element elementor-element-9c49dd7 elementor-section-boxed elementor-section-height-default elementor-section-height-default\" data-id=\"9c49dd7\" data-element_type=\"section\">\n\t\t\t\t\t\t<div class=\"elementor-container elementor-column-gap-default\">\n\t\t\t\t\t<div class=\"elementor-column elementor-col-100 elementor-top-column elementor-element elementor-element-15f6703\" data-id=\"15f6703\" data-element_type=\"column\">\n\t\t\t<div class=\"elementor-widget-wrap elementor-element-populated\">\n\t\t\t\t\t\t\t\t<div class=\"elementor-element elementor-element-9228e43 elementor-widget elementor-widget-text-editor\" data-id=\"9228e43\" data-element_type=\"widget\" data-widget_type=\"text-editor.default\">\n\t\t\t\t<div class=\"elementor-widget-container\">\n\t\t\t\t\t\t\t<p class=\"MsoNormal\" style=\"margin-bottom: 6.0pt; text-align: justify; text-indent: 2.0cm; line-height: 150%;\"><img loading=\"lazy\" class=\"wp-image-4892 size-full aligncenter\" src=\"http:\/\/etecia.com.br\/wp-content\/uploads\/2021\/06\/Selo_CRQ-IV-removebg-preview.png\" alt=\"\" width=\"133\" height=\"126\"><\/p>\n<p>Apesar de sua curta hist\u00f3ria, o Curso <b>T\u00e9cnico em Qu\u00edmica<\/b> da <b>ETEC Irm\u00e3 Agostina<\/b> \u2013 nas duas modalidades \u2013 recebeu, em novembro de 2016, o <b>Selo de Qualidade do Conselho Regional de Qu\u00edmica da 4\u00aa Regi\u00e3o (CRQ-IV)<\/b> como um reconhecimento ao comprometimento da Institui\u00e7\u00e3o com a qualidade de ensino. Atualmente, na cidade de S\u00e3o Paulo, quatro cursos t\u00e9cnicos em Qu\u00edmica det\u00eam essa certifica\u00e7\u00e3o e, em todo o estado de S\u00e3o Paulo, s\u00e3o 12 escolas t\u00e9cnicas certificadas. Recentemente, no ano de 2019, as duas modalidades de cursos (ETIM e Modular) foram recertificados para um per\u00edodo de mais 3 anos. Todos esses processos s\u00e3o fundamentais afim de estabelecer a manuten\u00e7\u00e3o das boas pr\u00e1ticas pedag\u00f3gicas assim como a busca por melhoria e aperfei\u00e7oamento constante dentro do curso T\u00e9cnico em Qu\u00edmica.<\/p>\t\t\t\t\t\t<\/div>\n\t\t\t\t<\/div>\n\t\t\t\t\t<\/div>\n\t\t<\/div>\n\t\t\t\t\t\t\t<\/div>\n\t\t<\/section>\n\t\t\t\t<section class=\"elementor-section elementor-top-section elementor-element elementor-element-2a6b931 elementor-section-boxed elementor-section-height-default elementor-section-height-default\" data-id=\"2a6b931\" data-element_type=\"section\">\n\t\t\t\t\t\t<div class=\"elementor-container elementor-column-gap-default\">\n\t\t\t\t\t<div class=\"elementor-column elementor-col-100 elementor-top-column elementor-element elementor-element-0247ee8\" data-id=\"0247ee8\" data-element_type=\"column\">\n\t\t\t<div class=\"elementor-widget-wrap elementor-element-populated\">\n\t\t\t\t\t\t\t\t<div class=\"elementor-element elementor-element-1789b87 elementor-widget elementor-widget-heading\" data-id=\"1789b87\" data-element_type=\"widget\" data-widget_type=\"heading.default\">\n\t\t\t\t<div class=\"elementor-widget-container\">\n\t\t\t<h2 class=\"elementor-heading-title elementor-size-default\">Recertifica\u00e7\u00e3o em 2019<\/h2>\t\t<\/div>\n\t\t\t\t<\/div>\n\t\t\t\t<div class=\"elementor-element elementor-element-b04fc7a elementor-arrows-position-inside elementor-pagination-position-outside elementor-widget elementor-widget-image-carousel\" data-id=\"b04fc7a\" data-element_type=\"widget\" data-settings=\"{&quot;navigation&quot;:&quot;both&quot;,&quot;autoplay&quot;:&quot;yes&quot;,&quot;pause_on_hover&quot;:&quot;yes&quot;,&quot;pause_on_interaction&quot;:&quot;yes&quot;,&quot;autoplay_speed&quot;:5000,&quot;infinite&quot;:&quot;yes&quot;,&quot;speed&quot;:500}\" data-widget_type=\"image-carousel.default\">\n\t\t\t\t<div class=\"elementor-widget-container\">\n\t\t\t\t\t<div class=\"elementor-image-carousel-wrapper swiper-container\" dir=\"ltr\">\n\t\t\t<div class=\"elementor-image-carousel swiper-wrapper\">\n\t\t\t\t\t\t\t\t<div class=\"swiper-slide\"><figure class=\"swiper-slide-inner\"><img class=\"swiper-slide-image\" src=\"https:\/\/etecia.com.br\/wp-content\/uploads\/2021\/06\/89139997_2861780717212637_7190936496696721408_n-300x169.jpg\" alt=\"89139997_2861780717212637_7190936496696721408_n\" \/><\/figure><\/div><div class=\"swiper-slide\"><figure class=\"swiper-slide-inner\"><img class=\"swiper-slide-image\" src=\"https:\/\/etecia.com.br\/wp-content\/uploads\/2021\/06\/89198117_2861780737212635_4606145927227375616_n-300x169.jpg\" alt=\"89198117_2861780737212635_4606145927227375616_n\" \/><\/figure><\/div><div class=\"swiper-slide\"><figure class=\"swiper-slide-inner\"><img class=\"swiper-slide-image\" src=\"https:\/\/etecia.com.br\/wp-content\/uploads\/2021\/06\/89262916_2861780423879333_2541727621041881088_n-300x169.jpg\" alt=\"89262916_2861780423879333_2541727621041881088_n\" \/><\/figure><\/div><div class=\"swiper-slide\"><figure class=\"swiper-slide-inner\"><img class=\"swiper-slide-image\" src=\"https:\/\/etecia.com.br\/wp-content\/uploads\/2021\/06\/89294421_2861780707212638_2282879799061905408_n-300x169.jpg\" alt=\"89294421_2861780707212638_2282879799061905408_n\" \/><\/figure><\/div><div class=\"swiper-slide\"><figure class=\"swiper-slide-inner\"><img class=\"swiper-slide-image\" src=\"https:\/\/etecia.com.br\/wp-content\/uploads\/2021\/06\/89356037_2861780510545991_1526917193634152448_n-300x169.jpg\" alt=\"89356037_2861780510545991_1526917193634152448_n\" \/><\/figure><\/div><div class=\"swiper-slide\"><figure class=\"swiper-slide-inner\"><img class=\"swiper-slide-image\" src=\"https:\/\/etecia.com.br\/wp-content\/uploads\/2021\/06\/89578956_2861780573879318_8326046840646533120_n-300x146.jpg\" alt=\"89578956_2861780573879318_8326046840646533120_n\" \/><\/figure><\/div>\t\t\t<\/div>\n\t\t\t\t\t\t\t\t\t\t\t\t<div class=\"swiper-pagination\"><\/div>\n\t\t\t\t\t\t\t\t\t\t\t\t\t<div class=\"elementor-swiper-button elementor-swiper-button-prev\">\n\t\t\t\t\t\t<i aria-hidden=\"true\" class=\"eicon-chevron-left\"><\/i>\t\t\t\t\t\t<span class=\"elementor-screen-only\">Anterior<\/span>\n\t\t\t\t\t<\/div>\n\t\t\t\t\t<div class=\"elementor-swiper-button elementor-swiper-button-next\">\n\t\t\t\t\t\t<i aria-hidden=\"true\" class=\"eicon-chevron-right\"><\/i>\t\t\t\t\t\t<span class=\"elementor-screen-only\">Pr\u00f3ximo<\/span>\n\t\t\t\t\t<\/div>\n\t\t\t\t\t\t\t\t\t<\/div>\n\t\t\t\t<\/div>\n\t\t\t\t<\/div>\n\t\t\t\t<div class=\"elementor-element elementor-element-2bc1891 elementor-widget elementor-widget-heading\" data-id=\"2bc1891\" data-element_type=\"widget\" data-widget_type=\"heading.default\">\n\t\t\t\t<div class=\"elementor-widget-container\">\n\t\t\t<h2 class=\"elementor-heading-title elementor-size-default\">Certifica\u00e7\u00e3o em 2016<\/h2>\t\t<\/div>\n\t\t\t\t<\/div>\n\t\t\t\t\t<\/div>\n\t\t<\/div>\n\t\t\t\t\t\t\t<\/div>\n\t\t<\/section>\n\t\t\t\t<section class=\"elementor-section elementor-top-section elementor-element elementor-element-eb014ec elementor-section-boxed elementor-section-height-default elementor-section-height-default\" data-id=\"eb014ec\" data-element_type=\"section\">\n\t\t\t\t\t\t<div class=\"elementor-container elementor-column-gap-default\">\n\t\t\t\t\t<div class=\"elementor-column elementor-col-100 elementor-top-column elementor-element elementor-element-8c63f35\" data-id=\"8c63f35\" data-element_type=\"column\">\n\t\t\t<div class=\"elementor-widget-wrap elementor-element-populated\">\n\t\t\t\t\t\t\t\t<div class=\"elementor-element elementor-element-fac4810 elementor-arrows-position-inside elementor-pagination-position-outside elementor-widget elementor-widget-image-carousel\" data-id=\"fac4810\" data-element_type=\"widget\" data-settings=\"{&quot;navigation&quot;:&quot;both&quot;,&quot;autoplay&quot;:&quot;yes&quot;,&quot;pause_on_hover&quot;:&quot;yes&quot;,&quot;pause_on_interaction&quot;:&quot;yes&quot;,&quot;autoplay_speed&quot;:5000,&quot;infinite&quot;:&quot;yes&quot;,&quot;speed&quot;:500}\" data-widget_type=\"image-carousel.default\">\n\t\t\t\t<div class=\"elementor-widget-container\">\n\t\t\t\t\t<div class=\"elementor-image-carousel-wrapper swiper-container\" dir=\"ltr\">\n\t\t\t<div class=\"elementor-image-carousel swiper-wrapper\">\n\t\t\t\t\t\t\t\t<div class=\"swiper-slide\"><figure class=\"swiper-slide-inner\"><img class=\"swiper-slide-image\" src=\"https:\/\/etecia.com.br\/wp-content\/uploads\/2021\/06\/15253422_1238491729541552_961512637647529663_n-300x169.jpg\" alt=\"15253422_1238491729541552_961512637647529663_n\" \/><\/figure><\/div><div class=\"swiper-slide\"><figure class=\"swiper-slide-inner\"><img class=\"swiper-slide-image\" src=\"https:\/\/etecia.com.br\/wp-content\/uploads\/2021\/06\/15259336_1238490362875022_4547135215674395065_o-300x169.jpg\" alt=\"15259336_1238490362875022_4547135215674395065_o\" \/><\/figure><\/div><div class=\"swiper-slide\"><figure class=\"swiper-slide-inner\"><img class=\"swiper-slide-image\" src=\"https:\/\/etecia.com.br\/wp-content\/uploads\/2021\/06\/15284988_1238492159541509_6920614302475737254_n-300x169.jpg\" alt=\"15284988_1238492159541509_6920614302475737254_n\" \/><\/figure><\/div><div class=\"swiper-slide\"><figure class=\"swiper-slide-inner\"><img class=\"swiper-slide-image\" src=\"https:\/\/etecia.com.br\/wp-content\/uploads\/2021\/06\/15304362_1238509269539798_1957879388584191620_o-300x169.jpg\" alt=\"15304362_1238509269539798_1957879388584191620_o\" \/><\/figure><\/div><div class=\"swiper-slide\"><figure class=\"swiper-slide-inner\"><img class=\"swiper-slide-image\" src=\"https:\/\/etecia.com.br\/wp-content\/uploads\/2021\/06\/Comemora\u00e7\u00e3o-Selo-1-300x183.jpg\" alt=\"Comemora\u00e7\u00e3o Selo\" \/><\/figure><\/div><div class=\"swiper-slide\"><figure class=\"swiper-slide-inner\"><img class=\"swiper-slide-image\" src=\"https:\/\/etecia.com.br\/wp-content\/uploads\/2021\/06\/etec_grupo-300x168.jpg\" alt=\"etec_grupo\" \/><\/figure><\/div>\t\t\t<\/div>\n\t\t\t\t\t\t\t\t\t\t\t\t<div class=\"swiper-pagination\"><\/div>\n\t\t\t\t\t\t\t\t\t\t\t\t\t<div class=\"elementor-swiper-button elementor-swiper-button-prev\">\n\t\t\t\t\t\t<i aria-hidden=\"true\" class=\"eicon-chevron-left\"><\/i>\t\t\t\t\t\t<span class=\"elementor-screen-only\">Anterior<\/span>\n\t\t\t\t\t<\/div>\n\t\t\t\t\t<div class=\"elementor-swiper-button elementor-swiper-button-next\">\n\t\t\t\t\t\t<i aria-hidden=\"true\" class=\"eicon-chevron-right\"><\/i>\t\t\t\t\t\t<span class=\"elementor-screen-only\">Pr\u00f3ximo<\/span>\n\t\t\t\t\t<\/div>\n\t\t\t\t\t\t\t\t\t<\/div>\n\t\t\t\t<\/div>\n\t\t\t\t<\/div>\n\t\t\t\t\t<\/div>\n\t\t<\/div>\n\t\t\t\t\t\t\t<\/div>\n\t\t<\/section>\n\t\t\t\t<section class=\"elementor-section elementor-top-section elementor-element elementor-element-8b554b4 elementor-section-boxed elementor-section-height-default elementor-section-height-default\" data-id=\"8b554b4\" data-element_type=\"section\">\n\t\t\t\t\t\t<div class=\"elementor-container elementor-column-gap-default\">\n\t\t\t\t\t<div class=\"elementor-column elementor-col-100 elementor-top-column elementor-element elementor-element-fcdf064\" data-id=\"fcdf064\" data-element_type=\"column\">\n\t\t\t<div class=\"elementor-widget-wrap elementor-element-populated\">\n\t\t\t\t\t\t\t\t<div class=\"elementor-element elementor-element-c1a6636 elementor-widget elementor-widget-text-editor\" data-id=\"c1a6636\" data-element_type=\"widget\" data-widget_type=\"text-editor.default\">\n\t\t\t\t<div class=\"elementor-widget-container\">\n\t\t\t\t\t\t\t<p>Para mais informa\u00e7\u00f5es:\u00a0<a href=\"https:\/\/www.crq4.org.br\/informativomat_1568\" target=\"_blank\" rel=\"noopener\" class=\"broken_link\">Recertifica\u00e7\u00e3o do Curso T\u00e9cnico em Qu\u00edmica<\/a><\/p>\t\t\t\t\t\t<\/div>\n\t\t\t\t<\/div>\n\t\t\t\t<div class=\"elementor-element elementor-element-d681565 elementor-widget elementor-widget-text-editor\" data-id=\"d681565\" data-element_type=\"widget\" data-widget_type=\"text-editor.default\">\n\t\t\t\t<div class=\"elementor-widget-container\">\n\t\t\t\t\t\t\t<p>Para mais informa\u00e7\u00f5es:\u00a0<a href=\"https:\/\/www.crq4.org.br\/default.php?p=informativo_mat.php&amp;id=1345\" target=\"_blank\" rel=\"noopener\" class=\"broken_link\">Certifica\u00e7\u00e3o do Curso T\u00e9cnico em Qu\u00edmica<\/a><\/p>\t\t\t\t\t\t<\/div>\n\t\t\t\t<\/div>\n\t\t\t\t<div class=\"elementor-element elementor-element-c8dd1aa elementor-widget elementor-widget-text-editor\" data-id=\"c8dd1aa\" data-element_type=\"widget\" data-widget_type=\"text-editor.default\">\n\t\t\t\t<div class=\"elementor-widget-container\">\n\t\t\t\t\t\t\t<p>Para mais informa\u00e7\u00f5es:\u00a0<a href=\"https:\/\/www.crq4.org.br\/selo_qualidade_nm\" target=\"_blank\" rel=\"noopener\">Sobre o Selo de Qualidade do CRQ-IV<\/a><\/p>\t\t\t\t\t\t<\/div>\n\t\t\t\t<\/div>\n\t\t\t\t\t<\/div>\n\t\t<\/div>\n\t\t\t\t\t\t\t<\/div>\n\t\t<\/section>\n\t\t\t\t\t\t<\/div>\n\t\t\t\t\t<\/div>\n\t\t","protected":false},"excerpt":{"rendered":"<p>Apesar de sua curta hist\u00f3ria, o Curso T\u00e9cnico em Qu\u00edmica da ETEC Irm\u00e3 Agostina \u2013 nas duas modalidades \u2013 recebeu, em novembro de 2016, o Selo de Qualidade do Conselho Regional de Qu\u00edmica da 4\u00aa Regi\u00e3o (CRQ-IV) como um reconhecimento ao comprometimento da Institui\u00e7\u00e3o com a qualidade de ensino. Atualmente, na cidade de S\u00e3o Paulo,&nbsp;&hellip;<\/p>\n","protected":false},"author":5,"featured_media":4980,"parent":3551,"menu_order":0,"comment_status":"closed","ping_status":"closed","template":"","meta":[],"_links":{"self":[{"href":"https:\/\/etecia.com.br\/index.php?rest_route=\/wp\/v2\/pages\/4884"}],"collection":[{"href":"https:\/\/etecia.com.br\/index.php?rest_route=\/wp\/v2\/pages"}],"about":[{"href":"https:\/\/etecia.com.br\/index.php?rest_route=\/wp\/v2\/types\/page"}],"author":[{"embeddable":true,"href":"https:\/\/etecia.com.br\/index.php?rest_route=\/wp\/v2\/users\/5"}],"replies":[{"embeddable":true,"href":"https:\/\/etecia.com.br\/index.php?rest_route=%2Fwp%2Fv2%2Fcomments&post=4884"}],"version-history":[{"count":25,"href":"https:\/\/etecia.com.br\/index.php?rest_route=\/wp\/v2\/pages\/4884\/revisions"}],"predecessor-version":[{"id":4987,"href":"https:\/\/etecia.com.br\/index.php?rest_route=\/wp\/v2\/pages\/4884\/revisions\/4987"}],"up":[{"embeddable":true,"href":"https:\/\/etecia.com.br\/index.php?rest_route=\/wp\/v2\/pages\/3551"}],"wp:featuredmedia":[{"embeddable":true,"href":"https:\/\/etecia.com.br\/index.php?rest_route=\/wp\/v2\/media\/4980"}],"wp:attachment":[{"href":"https:\/\/etecia.com.br\/index.php?rest_route=%2Fwp%2Fv2%2Fmedia&parent=4884"}],"curies":[{"name":"wp","href":"https:\/\/api.w.org\/{rel}","templated":true}]}}