{"id":4558,"date":"2021-05-20T10:45:07","date_gmt":"2021-05-20T13:45:07","guid":{"rendered":"http:\/\/etecirmaagostina.com.br\/?page_id=4558"},"modified":"2025-08-08T17:25:17","modified_gmt":"2025-08-08T20:25:17","slug":"marketing","status":"publish","type":"page","link":"https:\/\/etecia.com.br\/?page_id=4558","title":{"rendered":"Marketing"},"content":{"rendered":"<div class=\"gridContainer\">\n<p class=\"has-drop-cap\">O T\u00c9CNICO EM MARKETING \u00e9 o profissional \u00e9tico que colabora na elabora\u00e7\u00e3o do plano de marketing da empresa, de acordo com seu ramo ou porte, tendo a compet\u00eancia aliada ao dom\u00ednio t\u00e9cnico e no planejamento e implementa\u00e7\u00e3o de a\u00e7\u00f5es de vendas e a\u00e7\u00f5es de mercado. Executa tarefa de an\u00e1lise das vendas, pre\u00e7os e produtos. Operacionaliza as pol\u00edticas de comunica\u00e7\u00e3o da empresa: fideliza\u00e7\u00e3o de clientes, rela\u00e7\u00e3o com fornecedores ou outras entidades. Operacionaliza pol\u00edticas de apresenta\u00e7\u00e3o dos produtos no ponto de venda. Executa o controle, estat\u00edsticas e opera\u00e7\u00f5es de telemarketing. Participa na elabora\u00e7\u00e3o e na realiza\u00e7\u00e3o de estudos de mercado, interpreta e aplica a legisla\u00e7\u00e3o da \u00e1rea.<\/p>\n<\/div>\n\n<div class=\"gridContainer\">\n<div class=\"wp-block-buttons\"><div class=\"gridContainer\">\n<div class=\"wp-block-button\"><a class=\"wp-block-button__link has-luminous-vivid-amber-to-luminous-vivid-orange-gradient-background has-background\" href=\"http:\/\/etecia.com.br\/wp-content\/uploads\/2025\/08\/Marketing-Report-Dec-21.pdf\" target=\"_blank\" rel=\"noreferrer noopener\">veja o plano de curso do t\u00e9cnico em marketing<\/a><\/div>\n<\/div><\/div>\n<\/div>\n\n<div class=\"gridContainer\">\n<p><strong>Coordena\u00e7\u00e3o do Curso:<\/strong> Ricardo<\/p>\n<\/div>","protected":false},"excerpt":{"rendered":"<p>O T\u00c9CNICO EM MARKETING \u00e9 o profissional \u00e9tico que colabora na elabora\u00e7\u00e3o do plano de marketing da empresa, de acordo com seu ramo ou porte, tendo a compet\u00eancia aliada ao dom\u00ednio t\u00e9cnico e no planejamento e implementa\u00e7\u00e3o de a\u00e7\u00f5es de vendas e a\u00e7\u00f5es de mercado. Executa tarefa de an\u00e1lise das vendas, pre\u00e7os e produtos. Operacionaliza&nbsp;&hellip;<\/p>\n","protected":false},"author":1,"featured_media":5118,"parent":32,"menu_order":0,"comment_status":"closed","ping_status":"closed","template":"","meta":[],"_links":{"self":[{"href":"https:\/\/etecia.com.br\/index.php?rest_route=\/wp\/v2\/pages\/4558"}],"collection":[{"href":"https:\/\/etecia.com.br\/index.php?rest_route=\/wp\/v2\/pages"}],"about":[{"href":"https:\/\/etecia.com.br\/index.php?rest_route=\/wp\/v2\/types\/page"}],"author":[{"embeddable":true,"href":"https:\/\/etecia.com.br\/index.php?rest_route=\/wp\/v2\/users\/1"}],"replies":[{"embeddable":true,"href":"https:\/\/etecia.com.br\/index.php?rest_route=%2Fwp%2Fv2%2Fcomments&post=4558"}],"version-history":[{"count":4,"href":"https:\/\/etecia.com.br\/index.php?rest_route=\/wp\/v2\/pages\/4558\/revisions"}],"predecessor-version":[{"id":5412,"href":"https:\/\/etecia.com.br\/index.php?rest_route=\/wp\/v2\/pages\/4558\/revisions\/5412"}],"up":[{"embeddable":true,"href":"https:\/\/etecia.com.br\/index.php?rest_route=\/wp\/v2\/pages\/32"}],"wp:featuredmedia":[{"embeddable":true,"href":"https:\/\/etecia.com.br\/index.php?rest_route=\/wp\/v2\/media\/5118"}],"wp:attachment":[{"href":"https:\/\/etecia.com.br\/index.php?rest_route=%2Fwp%2Fv2%2Fmedia&parent=4558"}],"curies":[{"name":"wp","href":"https:\/\/api.w.org\/{rel}","templated":true}]}}