{"id":3557,"date":"2020-01-07T17:25:16","date_gmt":"2020-01-07T19:25:16","guid":{"rendered":"https:\/\/etecirmaagostina.com.br\/?page_id=3557"},"modified":"2025-08-08T17:23:41","modified_gmt":"2025-08-08T20:23:41","slug":"desenvolvimento-de-sistemas","status":"publish","type":"page","link":"https:\/\/etecia.com.br\/?page_id=3557","title":{"rendered":"Desenvolvimento de Sistemas"},"content":{"rendered":"<div class=\"gridContainer\">\n<p class=\"has-drop-cap\">A ETEC Irm\u00e3 Agostina forma o t\u00e9cnico em desenvolvimento de sistemas que \u00e9 o profissional que analisa e projeta sistemas. Constr\u00f3i, documenta, realiza testes e mant\u00e9m sistemas de informa\u00e7\u00e3o. Utiliza ambientes de desenvolvimento e linguagens de programa\u00e7\u00e3o espec\u00edfica. Modela, implementa e mant\u00e9m bancos de dados.<\/p>\n<\/div>\n\n<div class=\"gridContainer\">\n<p>O t\u00e9cnico em desenvolvimento de sistemas ser\u00e1 capaz de criar aplicativos para desktop, celulares, internet e dispositivos embarcados.<\/p>\n<\/div>\n\n<div class=\"gridContainer\">\n<p>O curso t\u00e9cnico em desenvolvimento de sistemas tem dura\u00e7\u00e3o de 3 semestres (1 ano e meio) e \u00e9 oferecido no per\u00edodo da noite.<\/p>\n<\/div>\n\n<div class=\"gridContainer\">\n<div class=\"wp-block-button\"><a class=\"wp-block-button__link has-vivid-cyan-blue-to-vivid-purple-gradient-background has-background\" href=\"http:\/\/etecia.com.br\/wp-content\/uploads\/2025\/08\/Desenvolvimento-de-Sistemas-Nov-11-2021.pdf\" target=\"_blank\" rel=\"noreferrer noopener\">veja o plano de curso do t\u00e9cnico em des. de sistemas<\/a><\/div>\n<\/div>\n\n<div class=\"gridContainer\">\n<p><strong>Coordena\u00e7\u00e3o do curso:<\/strong>&nbsp;F\u00e1bio Eduardo dos Santos<br><\/p>\n<\/div>","protected":false},"excerpt":{"rendered":"<p>A ETEC Irm\u00e3 Agostina forma o t\u00e9cnico em desenvolvimento de sistemas que \u00e9 o profissional que analisa e projeta sistemas. Constr\u00f3i, documenta, realiza testes e mant\u00e9m sistemas de informa\u00e7\u00e3o. Utiliza ambientes de desenvolvimento e linguagens de programa\u00e7\u00e3o espec\u00edfica. Modela, implementa e mant\u00e9m bancos de dados. O t\u00e9cnico em desenvolvimento de sistemas ser\u00e1 capaz de criar&nbsp;&hellip;<\/p>\n","protected":false},"author":1,"featured_media":3556,"parent":32,"menu_order":0,"comment_status":"closed","ping_status":"closed","template":"","meta":[],"_links":{"self":[{"href":"https:\/\/etecia.com.br\/index.php?rest_route=\/wp\/v2\/pages\/3557"}],"collection":[{"href":"https:\/\/etecia.com.br\/index.php?rest_route=\/wp\/v2\/pages"}],"about":[{"href":"https:\/\/etecia.com.br\/index.php?rest_route=\/wp\/v2\/types\/page"}],"author":[{"embeddable":true,"href":"https:\/\/etecia.com.br\/index.php?rest_route=\/wp\/v2\/users\/1"}],"replies":[{"embeddable":true,"href":"https:\/\/etecia.com.br\/index.php?rest_route=%2Fwp%2Fv2%2Fcomments&post=3557"}],"version-history":[{"count":3,"href":"https:\/\/etecia.com.br\/index.php?rest_route=\/wp\/v2\/pages\/3557\/revisions"}],"predecessor-version":[{"id":5409,"href":"https:\/\/etecia.com.br\/index.php?rest_route=\/wp\/v2\/pages\/3557\/revisions\/5409"}],"up":[{"embeddable":true,"href":"https:\/\/etecia.com.br\/index.php?rest_route=\/wp\/v2\/pages\/32"}],"wp:featuredmedia":[{"embeddable":true,"href":"https:\/\/etecia.com.br\/index.php?rest_route=\/wp\/v2\/media\/3556"}],"wp:attachment":[{"href":"https:\/\/etecia.com.br\/index.php?rest_route=%2Fwp%2Fv2%2Fmedia&parent=3557"}],"curies":[{"name":"wp","href":"https:\/\/api.w.org\/{rel}","templated":true}]}}