{"id":3551,"date":"2020-01-07T17:18:41","date_gmt":"2020-01-07T19:18:41","guid":{"rendered":"https:\/\/etecirmaagostina.com.br\/?page_id=3551"},"modified":"2024-10-31T14:20:00","modified_gmt":"2024-10-31T17:20:00","slug":"quimica","status":"publish","type":"page","link":"https:\/\/etecia.com.br\/?page_id=3551","title":{"rendered":"Qu\u00edmica"},"content":{"rendered":"\t\t<div data-elementor-type=\"wp-page\" data-elementor-id=\"3551\" class=\"elementor elementor-3551\" data-elementor-settings=\"[]\">\n\t\t\t\t\t\t\t<div class=\"elementor-section-wrap\">\n\t\t\t\t\t\t\t<section class=\"elementor-section elementor-top-section elementor-element elementor-element-5b1982a elementor-section-boxed elementor-section-height-default elementor-section-height-default\" data-id=\"5b1982a\" data-element_type=\"section\">\n\t\t\t\t\t\t<div class=\"elementor-container elementor-column-gap-default\">\n\t\t\t\t\t<div class=\"elementor-column elementor-col-100 elementor-top-column elementor-element elementor-element-a0af459\" data-id=\"a0af459\" data-element_type=\"column\">\n\t\t\t<div class=\"elementor-widget-wrap elementor-element-populated\">\n\t\t\t\t\t\t\t\t<div class=\"elementor-element elementor-element-01f5adf elementor-widget elementor-widget-text-editor\" data-id=\"01f5adf\" data-element_type=\"widget\" data-widget_type=\"text-editor.default\">\n\t\t\t\t<div class=\"elementor-widget-container\">\n\t\t\t\t\t\t\t<p><img loading=\"lazy\" class=\"wp-image-4752 aligncenter\" src=\"http:\/\/etecia.com.br\/wp-content\/uploads\/2021\/06\/quimica2021_transp-02-e1624995551443-230x300.png\" alt=\"\" width=\"137\" height=\"178\" srcset=\"https:\/\/etecia.com.br\/wp-content\/uploads\/2021\/06\/quimica2021_transp-02-e1624995551443-230x300.png 230w, https:\/\/etecia.com.br\/wp-content\/uploads\/2021\/06\/quimica2021_transp-02-e1624995551443-786x1024.png 786w, https:\/\/etecia.com.br\/wp-content\/uploads\/2021\/06\/quimica2021_transp-02-e1624995551443-768x1001.png 768w, https:\/\/etecia.com.br\/wp-content\/uploads\/2021\/06\/quimica2021_transp-02-e1624995551443-829x1080.png 829w, https:\/\/etecia.com.br\/wp-content\/uploads\/2021\/06\/quimica2021_transp-02-e1624995551443.png 861w\" sizes=\"(max-width: 137px) 100vw, 137px\" \/>&nbsp; &nbsp; &nbsp; &nbsp; &nbsp; O Curso <b>T\u00e9cnico em Qu\u00edmica<\/b>, na <b>ETEC Irm\u00e3 Agostina<\/b>, foi implantado em 2010 com a inaugura\u00e7\u00e3o da escola e, atualmente, \u00e9 disponibilizado em duas modalidades: Integrado ao Ensino M\u00e9dio e Modular, com o objetivo principal de formar profissionais de n\u00edvel t\u00e9cnico capazes de executar ensaios de caracteriza\u00e7\u00e3o e desenvolvimento de produtos e processos em laborat\u00f3rios de an\u00e1lise, de controle e de produ\u00e7\u00e3o. Apesar de sua curta hist\u00f3ria, o Curso T\u00e9cnico em Qu\u00edmica da ETEC Irm\u00e3 Agostina \u2013 nas duas modalidades \u2013 recebeu, em novembro de 2016, o Selo de Qualidade do Conselho Regional de Qu\u00edmica da 4\u00aa Regi\u00e3o (CRQ-IV) como um reconhecimento ao comprometimento da Institui\u00e7\u00e3o com a qualidade de ensino.&nbsp;<\/p>\n<p><span style=\"font-weight: var( --e-global-typography-text-font-weight );\">&nbsp; &nbsp; &nbsp; &nbsp; &nbsp; Atualmente, na cidade de S\u00e3o Paulo, quatro cursos t\u00e9cnicos em Qu\u00edmica det\u00eam essa certifica\u00e7\u00e3o e, em todo o estado de S\u00e3o Paulo, s\u00e3o 12 escolas t\u00e9cnicas certificadas. No final de 2019, ocorreu o processo de recertifica\u00e7\u00e3o e mais uma vez, para ambas as modalidades, foi conferido a Recertifica\u00e7\u00e3o com vig\u00eancia at\u00e9 2022. A qualidade e o comprometimento com o ensino est\u00e3o pautados, por um lado na forma\u00e7\u00e3o do corpo docente \u2013 professores bachar\u00e9is, especialistas, mestres e doutores em diferentes \u00e1reas da Qu\u00edmica e com experi\u00eancia na ind\u00fastria ou em Centros de Investiga\u00e7\u00e3o de reconhecida excel\u00eancia, e por outro, na estrutura f\u00edsica disponibilizada para os discentes. S\u00e3o 4 laborat\u00f3rios experimentais, equipados segundo as normas de seguran\u00e7a: Laborat\u00f3rio de Ci\u00eancias (LC), Laborat\u00f3rio de An\u00e1lises F\u00edsico-Qu\u00edmicas (LAFQ), Laborat\u00f3rio de Alimentos e Microbiologia (LAM) e o Laborat\u00f3rio de An\u00e1lises Instrumentais (LAI), al\u00e9m dos espa\u00e7os comuns: salas de aula equipadas com computadores e projetores multim\u00eddia, biblioteca e laborat\u00f3rios de inform\u00e1tica.<\/span><\/p>\n<p><\/p>\n<p>O curso&nbsp;<strong>T\u00e9cnico em Qu\u00edmica<\/strong>&nbsp;<b>(MODULAR)<\/b> tem dura\u00e7\u00e3o de 3 semestres (1 ano e meio) e \u00e9 oferecido no per\u00edodo noturno.<\/p>\n<p>Al\u00e9m disso, oferecemos o&nbsp;<strong>T\u00e9cnico em Qu\u00edmica Integrado ao Ensino M\u00e9dio<\/strong>&nbsp;<b>(M-Tec PI) <\/b>com dura\u00e7\u00e3o de 3 anos em per\u00edodo integral (manh\u00e3 e tarde).<\/p>\n<p><strong>Coordena\u00e7\u00e3o do Curso T\u00e9cnico (MODULAR) e Bases T\u00e9cnicas (M-Tec):<\/strong>&nbsp;Prof.a M\u00e1rcia Silva<\/p>\n<p>C<strong>oordena\u00e7\u00e3o da Base Comum (ETIM):<\/strong>&nbsp;Prof.a Beatriz Gianella<\/p>\t\t\t\t\t\t<\/div>\n\t\t\t\t<\/div>\n\t\t\t\t\t<\/div>\n\t\t<\/div>\n\t\t\t\t\t\t\t<\/div>\n\t\t<\/section>\n\t\t\t\t<section class=\"elementor-section elementor-top-section elementor-element elementor-element-8cfc1a0 elementor-section-boxed elementor-section-height-default elementor-section-height-default\" data-id=\"8cfc1a0\" data-element_type=\"section\">\n\t\t\t\t\t\t<div class=\"elementor-container elementor-column-gap-default\">\n\t\t\t\t\t<div class=\"elementor-column elementor-col-100 elementor-top-column elementor-element elementor-element-69226dd\" data-id=\"69226dd\" data-element_type=\"column\">\n\t\t\t<div class=\"elementor-widget-wrap elementor-element-populated\">\n\t\t\t\t\t\t\t\t<div class=\"elementor-element elementor-element-e3d6220 elementor-view-framed elementor-widget__width-initial elementor-shape-circle elementor-position-top elementor-vertical-align-top elementor-widget elementor-widget-icon-box\" data-id=\"e3d6220\" data-element_type=\"widget\" data-widget_type=\"icon-box.default\">\n\t\t\t\t<div class=\"elementor-widget-container\">\n\t\t\t\t\t<div class=\"elementor-icon-box-wrapper\">\n\t\t\t\t\t\t<div class=\"elementor-icon-box-icon\">\n\t\t\t\t<a class=\"elementor-icon elementor-animation-bounce-in\" href=\"http:\/\/etecia.com.br\/?page_id=1250\">\n\t\t\t\t<i aria-hidden=\"true\" class=\"fas fa-book-reader\"><\/i>\t\t\t\t<\/a>\n\t\t\t<\/div>\n\t\t\t\t\t\t<div class=\"elementor-icon-box-content\">\n\t\t\t\t<h4 class=\"elementor-icon-box-title\">\n\t\t\t\t\t<a href=\"http:\/\/etecia.com.br\/?page_id=1250\" >\n\t\t\t\t\t\tPlano de Curso\t\t\t\t\t<\/a>\n\t\t\t\t<\/h4>\n\t\t\t\t\t\t\t\t\t<p class=\"elementor-icon-box-description\">\n\t\t\t\t\t\tConsulte o Plano de Curso para o T\u00e9cnico em Qu\u00edmica do CPS\t\t\t\t\t<\/p>\n\t\t\t\t\t\t\t<\/div>\n\t\t<\/div>\n\t\t\t\t<\/div>\n\t\t\t\t<\/div>\n\t\t\t\t<div class=\"elementor-element elementor-element-f7dc450 elementor-view-framed elementor-widget__width-initial elementor-shape-circle elementor-position-top elementor-vertical-align-top elementor-widget elementor-widget-icon-box\" data-id=\"f7dc450\" data-element_type=\"widget\" data-widget_type=\"icon-box.default\">\n\t\t\t\t<div class=\"elementor-widget-container\">\n\t\t\t\t\t<div class=\"elementor-icon-box-wrapper\">\n\t\t\t\t\t\t<div class=\"elementor-icon-box-icon\">\n\t\t\t\t<a class=\"elementor-icon elementor-animation-bounce-in\" href=\"http:\/\/etecia.com.br\/?page_id=4884\">\n\t\t\t\t<i aria-hidden=\"true\" class=\"fas fa-certificate\"><\/i>\t\t\t\t<\/a>\n\t\t\t<\/div>\n\t\t\t\t\t\t<div class=\"elementor-icon-box-content\">\n\t\t\t\t<h4 class=\"elementor-icon-box-title\">\n\t\t\t\t\t<a href=\"http:\/\/etecia.com.br\/?page_id=4884\" >\n\t\t\t\t\t\tSelo de Qualidade - CRQ IV\t\t\t\t\t<\/a>\n\t\t\t\t<\/h4>\n\t\t\t\t\t\t\t\t\t<p class=\"elementor-icon-box-description\">\n\t\t\t\t\t\tCertifica\u00e7\u00e3o do Conselho Regional de Qu\u00edmica - IV Regi\u00e3o\t\t\t\t\t<\/p>\n\t\t\t\t\t\t\t<\/div>\n\t\t<\/div>\n\t\t\t\t<\/div>\n\t\t\t\t<\/div>\n\t\t\t\t<div class=\"elementor-element elementor-element-b5d6f8e elementor-view-framed elementor-widget__width-initial elementor-shape-circle elementor-position-top elementor-vertical-align-top elementor-widget elementor-widget-icon-box\" data-id=\"b5d6f8e\" data-element_type=\"widget\" data-widget_type=\"icon-box.default\">\n\t\t\t\t<div class=\"elementor-widget-container\">\n\t\t\t\t\t<div class=\"elementor-icon-box-wrapper\">\n\t\t\t\t\t\t<div class=\"elementor-icon-box-icon\">\n\t\t\t\t<a class=\"elementor-icon elementor-animation-bounce-in broken_link\" href=\"http:\/\/etecia.com.br\/?page_id=4013\">\n\t\t\t\t<i aria-hidden=\"true\" class=\"fas fa-medal\"><\/i>\t\t\t\t<\/a>\n\t\t\t<\/div>\n\t\t\t\t\t\t<div class=\"elementor-icon-box-content\">\n\t\t\t\t<h4 class=\"elementor-icon-box-title\">\n\t\t\t\t\t<a href=\"http:\/\/etecia.com.br\/?page_id=4013\" class=\"broken_link\">\n\t\t\t\t\t\tPremia\u00e7\u00f5es\t\t\t\t\t<\/a>\n\t\t\t\t<\/h4>\n\t\t\t\t\t\t\t\t\t<p class=\"elementor-icon-box-description\">\n\t\t\t\t\t\tVeja nossas participa\u00e7\u00f5es em Feiras, Mostras, Pr\u00eamios e Ol\u00edmpiadas\t\t\t\t\t<\/p>\n\t\t\t\t\t\t\t<\/div>\n\t\t<\/div>\n\t\t\t\t<\/div>\n\t\t\t\t<\/div>\n\t\t\t\t<div class=\"elementor-element elementor-element-da9ed69 elementor-view-framed elementor-widget__width-initial elementor-shape-circle elementor-position-top elementor-vertical-align-top elementor-widget elementor-widget-icon-box\" data-id=\"da9ed69\" data-element_type=\"widget\" data-widget_type=\"icon-box.default\">\n\t\t\t\t<div class=\"elementor-widget-container\">\n\t\t\t\t\t<div class=\"elementor-icon-box-wrapper\">\n\t\t\t\t\t\t<div class=\"elementor-icon-box-icon\">\n\t\t\t\t<a class=\"elementor-icon elementor-animation-bounce-in broken_link\" href=\"http:\/\/etecia.com.br\/?page_id=4786\">\n\t\t\t\t<i aria-hidden=\"true\" class=\"fas fa-industry\"><\/i>\t\t\t\t<\/a>\n\t\t\t<\/div>\n\t\t\t\t\t\t<div class=\"elementor-icon-box-content\">\n\t\t\t\t<h4 class=\"elementor-icon-box-title\">\n\t\t\t\t\t<a href=\"http:\/\/etecia.com.br\/?page_id=4786\" class=\"broken_link\">\n\t\t\t\t\t\tVisitas T\u00e9cnicas\t\t\t\t\t<\/a>\n\t\t\t\t<\/h4>\n\t\t\t\t\t\t\t\t\t<p class=\"elementor-icon-box-description\">\n\t\t\t\t\t\tRela\u00e7\u00e3o das Empresas, Institutos e Universidades\t\t\t\t\t<\/p>\n\t\t\t\t\t\t\t<\/div>\n\t\t<\/div>\n\t\t\t\t<\/div>\n\t\t\t\t<\/div>\n\t\t\t\t<div class=\"elementor-element elementor-element-e6bc039 elementor-view-framed elementor-widget__width-initial elementor-shape-circle elementor-position-top elementor-vertical-align-top elementor-widget elementor-widget-icon-box\" data-id=\"e6bc039\" data-element_type=\"widget\" data-widget_type=\"icon-box.default\">\n\t\t\t\t<div class=\"elementor-widget-container\">\n\t\t\t\t\t<div class=\"elementor-icon-box-wrapper\">\n\t\t\t\t\t\t<div class=\"elementor-icon-box-icon\">\n\t\t\t\t<a class=\"elementor-icon elementor-animation-bounce-in\" href=\"http:\/\/etecia.com.br\/?page_id=4929\">\n\t\t\t\t<i aria-hidden=\"true\" class=\"far fa-newspaper\"><\/i>\t\t\t\t<\/a>\n\t\t\t<\/div>\n\t\t\t\t\t\t<div class=\"elementor-icon-box-content\">\n\t\t\t\t<h4 class=\"elementor-icon-box-title\">\n\t\t\t\t\t<a href=\"http:\/\/etecia.com.br\/?page_id=4929\" >\n\t\t\t\t\t\tClipping\t\t\t\t\t<\/a>\n\t\t\t\t<\/h4>\n\t\t\t\t\t\t\t\t\t<p class=\"elementor-icon-box-description\">\n\t\t\t\t\t\tNot\u00edcias sobre o T\u00e9cnico em Qu\u00edmica na imprensa\t\t\t\t\t<\/p>\n\t\t\t\t\t\t\t<\/div>\n\t\t<\/div>\n\t\t\t\t<\/div>\n\t\t\t\t<\/div>\n\t\t\t\t\t<\/div>\n\t\t<\/div>\n\t\t\t\t\t\t\t<\/div>\n\t\t<\/section>\n\t\t\t\t\t\t<\/div>\n\t\t\t\t\t<\/div>\n\t\t","protected":false},"excerpt":{"rendered":"<p>&nbsp; &nbsp; &nbsp; &nbsp; &nbsp; O Curso T\u00e9cnico em Qu\u00edmica, na ETEC Irm\u00e3 Agostina, foi implantado em 2010 com a inaugura\u00e7\u00e3o da escola e, atualmente, \u00e9 disponibilizado em duas modalidades: Integrado ao Ensino M\u00e9dio e Modular, com o objetivo principal de formar profissionais de n\u00edvel t\u00e9cnico capazes de executar ensaios de caracteriza\u00e7\u00e3o e desenvolvimento de&nbsp;&hellip;<\/p>\n","protected":false},"author":1,"featured_media":4978,"parent":32,"menu_order":0,"comment_status":"closed","ping_status":"closed","template":"","meta":[],"_links":{"self":[{"href":"https:\/\/etecia.com.br\/index.php?rest_route=\/wp\/v2\/pages\/3551"}],"collection":[{"href":"https:\/\/etecia.com.br\/index.php?rest_route=\/wp\/v2\/pages"}],"about":[{"href":"https:\/\/etecia.com.br\/index.php?rest_route=\/wp\/v2\/types\/page"}],"author":[{"embeddable":true,"href":"https:\/\/etecia.com.br\/index.php?rest_route=\/wp\/v2\/users\/1"}],"replies":[{"embeddable":true,"href":"https:\/\/etecia.com.br\/index.php?rest_route=%2Fwp%2Fv2%2Fcomments&post=3551"}],"version-history":[{"count":103,"href":"https:\/\/etecia.com.br\/index.php?rest_route=\/wp\/v2\/pages\/3551\/revisions"}],"predecessor-version":[{"id":5361,"href":"https:\/\/etecia.com.br\/index.php?rest_route=\/wp\/v2\/pages\/3551\/revisions\/5361"}],"up":[{"embeddable":true,"href":"https:\/\/etecia.com.br\/index.php?rest_route=\/wp\/v2\/pages\/32"}],"wp:featuredmedia":[{"embeddable":true,"href":"https:\/\/etecia.com.br\/index.php?rest_route=\/wp\/v2\/media\/4978"}],"wp:attachment":[{"href":"https:\/\/etecia.com.br\/index.php?rest_route=%2Fwp%2Fv2%2Fmedia&parent=3551"}],"curies":[{"name":"wp","href":"https:\/\/api.w.org\/{rel}","templated":true}]}}