{"id":2263,"date":"2017-08-02T15:40:51","date_gmt":"2017-08-02T18:40:51","guid":{"rendered":"https:\/\/etecirmaagostina.com.br\/?page_id=2263"},"modified":"2017-08-02T15:59:51","modified_gmt":"2017-08-02T18:59:51","slug":"indicadores","status":"publish","type":"page","link":"https:\/\/etecia.com.br\/?page_id=2263","title":{"rendered":"Indicadores"},"content":{"rendered":"<p>Os resultados do trabalho da comunidade escolar \u00e9 medido todos os anos atrav\u00e9s de diversos indicadores. Esses dados s\u00e3o importantes para a tomada de decis\u00e3o e para sabermos como est\u00e1 o nosso desempenho em diversas \u00e1reas.<\/p>\n<p>Para ter acesso aos \u00faltimos indicadores. Clique nos links a seguir.<\/p>\n<ul>\n<li><a href=\"http:\/\/etecia.com.br\/wp-content\/uploads\/2017\/08\/Quadro-SAI.pdf\" target=\"_blank\" rel=\"noopener\">Web SAI<\/a><\/li>\n<li><a href=\"http:\/\/etecia.com.br\/wp-content\/uploads\/2017\/08\/Resultado-Geral-2016-Site.pdf\" target=\"_blank\" rel=\"noopener\" class=\"broken_link\">Observat\u00f3rio Escolar<\/a><\/li>\n<li><a href=\"http:\/\/etecia.com.br\/wp-content\/uploads\/2017\/08\/ENEM-2015.pdf\" target=\"_blank\" rel=\"noopener\" class=\"broken_link\">ENEM<\/a><\/li>\n<\/ul>\n","protected":false},"excerpt":{"rendered":"<p>Os resultados do trabalho da comunidade escolar \u00e9 medido todos os anos atrav\u00e9s de diversos indicadores. Esses dados s\u00e3o importantes para a tomada de decis\u00e3o e para sabermos como est\u00e1 o nosso desempenho em diversas \u00e1reas. Para ter acesso aos \u00faltimos indicadores. Clique nos links a seguir. Web SAI Observat\u00f3rio Escolar ENEM<\/p>\n","protected":false},"author":1,"featured_media":0,"parent":0,"menu_order":0,"comment_status":"closed","ping_status":"closed","template":"","meta":[],"_links":{"self":[{"href":"https:\/\/etecia.com.br\/index.php?rest_route=\/wp\/v2\/pages\/2263"}],"collection":[{"href":"https:\/\/etecia.com.br\/index.php?rest_route=\/wp\/v2\/pages"}],"about":[{"href":"https:\/\/etecia.com.br\/index.php?rest_route=\/wp\/v2\/types\/page"}],"author":[{"embeddable":true,"href":"https:\/\/etecia.com.br\/index.php?rest_route=\/wp\/v2\/users\/1"}],"replies":[{"embeddable":true,"href":"https:\/\/etecia.com.br\/index.php?rest_route=%2Fwp%2Fv2%2Fcomments&post=2263"}],"version-history":[{"count":4,"href":"https:\/\/etecia.com.br\/index.php?rest_route=\/wp\/v2\/pages\/2263\/revisions"}],"predecessor-version":[{"id":2273,"href":"https:\/\/etecia.com.br\/index.php?rest_route=\/wp\/v2\/pages\/2263\/revisions\/2273"}],"wp:attachment":[{"href":"https:\/\/etecia.com.br\/index.php?rest_route=%2Fwp%2Fv2%2Fmedia&parent=2263"}],"curies":[{"name":"wp","href":"https:\/\/api.w.org\/{rel}","templated":true}]}}