{"id":1515,"date":"2016-06-10T15:58:50","date_gmt":"2016-06-10T18:58:50","guid":{"rendered":"http:\/\/etecia.com.br\/portaletecia\/?page_id=1515"},"modified":"2019-09-24T15:04:44","modified_gmt":"2019-09-24T18:04:44","slug":"plano-escolar","status":"publish","type":"page","link":"https:\/\/etecia.com.br\/?page_id=1515","title":{"rendered":"Plano Escolar"},"content":{"rendered":"<p>De acordo com o disposto no Capitulo II do Regimento Comum das Escolas T\u00e9cnicas do CEETEPS, o Plano Plurianual de Gest\u00e3o &#8211; PPG apresenta a proposta de trabalho da ETEC. Conta, como eixo norteador, com o Projeto Pol\u00edtico Pedag\u00f3gico &#8211; PPP, no qual s\u00e3o explicitados os valores e cren\u00e7as e os princ\u00edpios pedag\u00f3gicos da escola. A concep\u00e7\u00e3o coletiva dos projetos a serem desenvolvidos parte, necessariamente, do PPP, dos objetivos e metas estabelecidas por meio da an\u00e1lise dos contextos interno e externo da reflex\u00e3o sobre o institu\u00eddo e da escola almejada pela comunidade.<\/p>\n<p><\/p>\n\n<div class=\"gridContainer\">\n<div class=\"wp-block-button\"><a class=\"wp-block-button__link has-background has-vivid-cyan-blue-background-color broken_link\" href=\"http:\/\/etecia.com.br\/wp-content\/uploads\/2019\/09\/PPG-2019.pdf\">Plano Escolar PPG<\/a><\/div>\n<\/div>","protected":false},"excerpt":{"rendered":"<p>De acordo com o disposto no Capitulo II do Regimento Comum das Escolas T\u00e9cnicas do CEETEPS, o Plano Plurianual de Gest\u00e3o &#8211; PPG apresenta a proposta de trabalho da ETEC. Conta, como eixo norteador, com o Projeto Pol\u00edtico Pedag\u00f3gico &#8211; PPP, no qual s\u00e3o explicitados os valores e cren\u00e7as e os princ\u00edpios pedag\u00f3gicos da escola.&nbsp;&hellip;<\/p>\n","protected":false},"author":1,"featured_media":0,"parent":0,"menu_order":0,"comment_status":"closed","ping_status":"open","template":"","meta":[],"_links":{"self":[{"href":"https:\/\/etecia.com.br\/index.php?rest_route=\/wp\/v2\/pages\/1515"}],"collection":[{"href":"https:\/\/etecia.com.br\/index.php?rest_route=\/wp\/v2\/pages"}],"about":[{"href":"https:\/\/etecia.com.br\/index.php?rest_route=\/wp\/v2\/types\/page"}],"author":[{"embeddable":true,"href":"https:\/\/etecia.com.br\/index.php?rest_route=\/wp\/v2\/users\/1"}],"replies":[{"embeddable":true,"href":"https:\/\/etecia.com.br\/index.php?rest_route=%2Fwp%2Fv2%2Fcomments&post=1515"}],"version-history":[{"count":5,"href":"https:\/\/etecia.com.br\/index.php?rest_route=\/wp\/v2\/pages\/1515\/revisions"}],"predecessor-version":[{"id":3331,"href":"https:\/\/etecia.com.br\/index.php?rest_route=\/wp\/v2\/pages\/1515\/revisions\/3331"}],"wp:attachment":[{"href":"https:\/\/etecia.com.br\/index.php?rest_route=%2Fwp%2Fv2%2Fmedia&parent=1515"}],"curies":[{"name":"wp","href":"https:\/\/api.w.org\/{rel}","templated":true}]}}