{"id":1354,"date":"2016-05-13T17:01:46","date_gmt":"2016-05-13T20:01:46","guid":{"rendered":"http:\/\/etecia.com.br\/portaletecia\/?page_id=1354"},"modified":"2016-05-13T17:01:46","modified_gmt":"2016-05-13T20:01:46","slug":"parcerias","status":"publish","type":"page","link":"https:\/\/etecia.com.br\/?page_id=1354","title":{"rendered":"Parcerias"},"content":{"rendered":"<p style=\"color: #666666;\">Por interm\u00e9dio dos conv\u00eanios firmados com os mais diversos setores da sociedade (empresas, sindicatos, prefeituras municipais, secretarias do estado, universidades e outras organiza\u00e7\u00f5es), o Centro Paula Souza vem expandindo a sua atua\u00e7\u00e3o, levando a educa\u00e7\u00e3o t\u00e9cnica e tecnol\u00f3gica \u00e0 popula\u00e7\u00e3o, possibilitando atender \u00e0s demandas espec\u00edficas de profissionais, o melhor desempenho no exerc\u00edcio do trabalho, melhor qualidade de ensino \u00e0 popula\u00e7\u00e3o, promovendo assim a inclus\u00e3o social.<\/p>\n<p style=\"color: #666666;\">Al\u00e9m das atividades de ensino, outras a\u00e7\u00f5es adv\u00eam da coopera\u00e7\u00e3o t\u00e9cnico-educacional, tais como presta\u00e7\u00e3o de servi\u00e7os \u00e0 comunidade, assist\u00eancia t\u00e9cnica, gera\u00e7\u00e3o e transfer\u00eancia de tecnologia; pesquisas te\u00f3ricas e aplicadas, desenvolvimento de produtos, desenvolvimento de projetos em diferentes \u00e1reas, aprimoramento cient\u00edfico, uso de laborat\u00f3rios; rela\u00e7\u00f5es internacionais, est\u00e1gios, entre outros.<\/p>\n<p style=\"color: #666666;\">Inquestionavelmente, o estabelecimento de parcerias pode ser definido como um prolongamento das atividades de ensino e pesquisa do Centro Paula Souza, descentraliza\u00e7\u00e3o e extens\u00e3o de servi\u00e7os. Desde a sua cria\u00e7\u00e3o, a institui\u00e7\u00e3o tem buscado celebrar conv\u00eanios com os mais diversos setores da sociedade e organismos internacionais, concretizando assim as atividades de rela\u00e7\u00f5es institucionais e atualiza\u00e7\u00e3o tecnol\u00f3gica.<\/p>\n<p style=\"color: #666666;\">A ETEC Irm\u00e3 Agostina, firmou atrav\u00e9s dos seus anos de exist\u00eancia, uma s\u00e9rie de parcerias, dentre as quais podemos destacar as seguintes:<\/p>\n<p style=\"color: #666666;\"><a href=\"https:\/\/www.nube.com.br\" target=\"_blank\"><img loading=\"lazy\" class=\"alignleft\" src=\"https:\/\/www.nube.com.br\/imagens\/logo_facebook.jpg\" alt=\"\" width=\"225\" height=\"124\" \/><\/a><\/p>\n<p style=\"color: #666666;\"><a href=\"http:\/\/www.ciee.org.br\/\" target=\"_blank\"><img loading=\"lazy\" class=\"alignnone\" src=\"http:\/\/www.ciee.org.br\/portal\/media\/img50anos\/logo_50anos_png.png\" alt=\"\" width=\"242\" height=\"116\" \/><\/a><\/p>\n<p style=\"color: #666666;\"><a href=\"http:\/\/www.saopaulo-sp.org\/2013\/08\/cat-centro-de-apoio-ao-trabalhador-sp.html\" target=\"_blank\" class=\"broken_link\"><img loading=\"lazy\" class=\"alignnone\" src=\"http:\/\/www.pontoxp.com\/wp-content\/uploads\/2010\/12\/CENTRO-DE-APOIO-AO-TRABALHADOR.jpg\" alt=\"\" width=\"500\" height=\"145\" \/><\/a><\/p>\n","protected":false},"excerpt":{"rendered":"<p>Por interm\u00e9dio dos conv\u00eanios firmados com os mais diversos setores da sociedade (empresas, sindicatos, prefeituras municipais, secretarias do estado, universidades e outras organiza\u00e7\u00f5es), o Centro Paula Souza vem expandindo a sua atua\u00e7\u00e3o, levando a educa\u00e7\u00e3o t\u00e9cnica e tecnol\u00f3gica \u00e0 popula\u00e7\u00e3o, possibilitando atender \u00e0s demandas espec\u00edficas de profissionais, o melhor desempenho no exerc\u00edcio do trabalho, melhor&nbsp;&hellip;<\/p>\n","protected":false},"author":1,"featured_media":0,"parent":0,"menu_order":0,"comment_status":"closed","ping_status":"open","template":"","meta":[],"_links":{"self":[{"href":"https:\/\/etecia.com.br\/index.php?rest_route=\/wp\/v2\/pages\/1354"}],"collection":[{"href":"https:\/\/etecia.com.br\/index.php?rest_route=\/wp\/v2\/pages"}],"about":[{"href":"https:\/\/etecia.com.br\/index.php?rest_route=\/wp\/v2\/types\/page"}],"author":[{"embeddable":true,"href":"https:\/\/etecia.com.br\/index.php?rest_route=\/wp\/v2\/users\/1"}],"replies":[{"embeddable":true,"href":"https:\/\/etecia.com.br\/index.php?rest_route=%2Fwp%2Fv2%2Fcomments&post=1354"}],"version-history":[{"count":0,"href":"https:\/\/etecia.com.br\/index.php?rest_route=\/wp\/v2\/pages\/1354\/revisions"}],"wp:attachment":[{"href":"https:\/\/etecia.com.br\/index.php?rest_route=%2Fwp%2Fv2%2Fmedia&parent=1354"}],"curies":[{"name":"wp","href":"https:\/\/api.w.org\/{rel}","templated":true}]}}