{"id":1250,"date":"2016-02-11T16:49:26","date_gmt":"2016-02-11T19:49:26","guid":{"rendered":"http:\/\/etecia.com.br\/portaletecia\/?page_id=1250"},"modified":"2021-02-05T15:21:31","modified_gmt":"2021-02-05T18:21:31","slug":"planos-de-curso","status":"publish","type":"page","link":"https:\/\/etecia.com.br\/?page_id=1250","title":{"rendered":"Planos de Curso"},"content":{"rendered":"<p>Nessa p\u00e1gina voc\u00ea tem acesso a todos os planos de curso atuais da nossa unidade. Esses documentos cont\u00e9m todas as informa\u00e7\u00f5es referentes a estrutura b\u00e1sica dos cursos que oferecemos e \u00e9 a base para a cria\u00e7\u00e3o do Plano de Trabalho Docente (PTD).<\/p>\n<p>Os alunos e professores podem consultar os PTDs na biblioteca da escola e atrav\u00e9s do <a href=\"https:\/\/nsa.cps.sp.gov.br\">NSA Online<\/a>.<\/p>\n\n<div class=\"gridContainer\">\n<div class=\"wp-block-group\"><div class=\"wp-block-group__inner-container\"><div class=\"gridContainer\">\n<div class=\"wp-block-file\"><a href=\"http:\/\/etecia.com.br\/wp-content\/uploads\/2021\/02\/Administra\u00e7\u00e3o-Plano-421.pdf\" target=\"_blank\" rel=\"noreferrer noopener\" class=\"broken_link\">Administra\u00e7\u00e3o &#8211; Plano 421<\/a><\/div>\n<\/div>\n\n<div class=\"gridContainer\">\n<div class=\"wp-block-file\"><a href=\"http:\/\/etecia.com.br\/wp-content\/uploads\/2021\/02\/Administra\u00e7\u00e3o-ETIM-Plano-213.pdf\" target=\"_blank\" rel=\"noreferrer noopener\">Administra\u00e7\u00e3o ETIM &#8211; Plano 213<\/a><\/div>\n<\/div>\n\n<div class=\"gridContainer\">\n<div class=\"wp-block-file\"><a href=\"http:\/\/etecia.com.br\/wp-content\/uploads\/2021\/02\/Administra\u00e7\u00e3o-Plano-457-Novotec-Integrado.pdf\" target=\"_blank\" rel=\"noreferrer noopener\" class=\"broken_link\">Administra\u00e7\u00e3o &#8211; Plano 457 &#8211; Novotec Integrado<\/a><\/div>\n<\/div>\n\n<div class=\"gridContainer\">\n<div class=\"wp-block-file\"><a href=\"http:\/\/etecia.com.br\/wp-content\/uploads\/2021\/02\/Desenvolvimento-de-Sistemas-Plano-336.pdf\" target=\"_blank\" rel=\"noreferrer noopener\" class=\"broken_link\">Desenvolvimento de Sistemas &#8211; Plano 336<\/a><\/div>\n<\/div>\n\n<div class=\"gridContainer\">\n<div class=\"wp-block-file\"><a href=\"http:\/\/etecia.com.br\/wp-content\/uploads\/2021\/02\/Marketing-Plano-150.pdf\" target=\"_blank\" rel=\"noreferrer noopener\">Marketing &#8211; Plano 150<\/a><\/div>\n<\/div>\n\n<div class=\"gridContainer\">\n<div class=\"wp-block-file\"><a href=\"http:\/\/etecia.com.br\/wp-content\/uploads\/2021\/02\/Nutri\u00e7\u00e3o-e-Diet\u00e9tica-Plano-203.pdf\" target=\"_blank\" rel=\"noreferrer noopener\">Nutri\u00e7\u00e3o e Diet\u00e9tica &#8211; Plano 203<\/a><\/div>\n<\/div>\n\n<div class=\"gridContainer\">\n<div class=\"wp-block-file\"><a href=\"http:\/\/etecia.com.br\/wp-content\/uploads\/2021\/02\/Nutri\u00e7\u00e3o-e-Diet\u00e9tica-ETIM-Plano-215.pdf\" target=\"_blank\" rel=\"noreferrer noopener\" class=\"broken_link\">Nutri\u00e7\u00e3o e Diet\u00e9tica ETIM &#8211; Plano 215<\/a><\/div>\n<\/div>\n\n<div class=\"gridContainer\">\n<div class=\"wp-block-file\"><a href=\"http:\/\/etecia.com.br\/wp-content\/uploads\/2021\/02\/Qu\u00edmica-Plano-294-Antigo.pdf\" target=\"_blank\" rel=\"noreferrer noopener\" class=\"broken_link\">Qu\u00edmica &#8211; Plano 294 (Antigo)<\/a><\/div>\n<\/div>\n\n<div class=\"gridContainer\">\n<div class=\"wp-block-file\"><a href=\"http:\/\/etecia.com.br\/wp-content\/uploads\/2021\/02\/Qu\u00edmica-Plano-422-Novo.pdf\" target=\"_blank\" rel=\"noreferrer noopener\">Qu\u00edmica &#8211; Plano 422 (Novo)<\/a><\/div>\n<\/div>\n\n<div class=\"gridContainer\">\n<div class=\"wp-block-file\"><a href=\"http:\/\/etecia.com.br\/wp-content\/uploads\/2021\/02\/Quimica-ETIM-Plano-116.pdf\" target=\"_blank\" rel=\"noreferrer noopener\" class=\"broken_link\">Qu\u00edmica ETIM &#8211; Plano 116<\/a><\/div>\n<\/div>\n\n<div class=\"gridContainer\">\n<div class=\"wp-block-file\"><a href=\"http:\/\/etecia.com.br\/wp-content\/uploads\/2021\/02\/Recursos-Humanos-Plano-224.pdf\" target=\"_blank\" rel=\"noreferrer noopener\" class=\"broken_link\">Recursos Humanos &#8211; Plano 224<\/a><\/div>\n<\/div>\n\n<div class=\"gridContainer\">\n<div class=\"wp-block-file\"><a href=\"http:\/\/etecia.com.br\/wp-content\/uploads\/2021\/02\/Secretariado-Plano-182.pdf\" target=\"_blank\" rel=\"noreferrer noopener\">Secretariado &#8211; Plano 182<\/a><\/div>\n<\/div><\/div><\/div>\n<\/div>\n\n<div class=\"gridContainer\">\n<p><\/p>\n<\/div>","protected":false},"excerpt":{"rendered":"<p>Nessa p\u00e1gina voc\u00ea tem acesso a todos os planos de curso atuais da nossa unidade. Esses documentos cont\u00e9m todas as informa\u00e7\u00f5es referentes a estrutura b\u00e1sica dos cursos que oferecemos e \u00e9 a base para a cria\u00e7\u00e3o do Plano de Trabalho Docente (PTD). Os alunos e professores podem consultar os PTDs na biblioteca da escola e&nbsp;&hellip;<\/p>\n","protected":false},"author":1,"featured_media":0,"parent":0,"menu_order":0,"comment_status":"closed","ping_status":"open","template":"","meta":[],"_links":{"self":[{"href":"https:\/\/etecia.com.br\/index.php?rest_route=\/wp\/v2\/pages\/1250"}],"collection":[{"href":"https:\/\/etecia.com.br\/index.php?rest_route=\/wp\/v2\/pages"}],"about":[{"href":"https:\/\/etecia.com.br\/index.php?rest_route=\/wp\/v2\/types\/page"}],"author":[{"embeddable":true,"href":"https:\/\/etecia.com.br\/index.php?rest_route=\/wp\/v2\/users\/1"}],"replies":[{"embeddable":true,"href":"https:\/\/etecia.com.br\/index.php?rest_route=%2Fwp%2Fv2%2Fcomments&post=1250"}],"version-history":[{"count":18,"href":"https:\/\/etecia.com.br\/index.php?rest_route=\/wp\/v2\/pages\/1250\/revisions"}],"predecessor-version":[{"id":4145,"href":"https:\/\/etecia.com.br\/index.php?rest_route=\/wp\/v2\/pages\/1250\/revisions\/4145"}],"wp:attachment":[{"href":"https:\/\/etecia.com.br\/index.php?rest_route=%2Fwp%2Fv2%2Fmedia&parent=1250"}],"curies":[{"name":"wp","href":"https:\/\/api.w.org\/{rel}","templated":true}]}}