{"id":1223,"date":"2016-02-02T13:16:08","date_gmt":"2016-02-02T16:16:08","guid":{"rendered":"http:\/\/etecia.com.br\/portaletecia\/?page_id=1223"},"modified":"2022-10-26T11:53:58","modified_gmt":"2022-10-26T14:53:58","slug":"horario-de-atendimento","status":"publish","type":"page","link":"https:\/\/etecia.com.br\/?page_id=1223","title":{"rendered":"Hor\u00e1rio de Atendimento"},"content":{"rendered":"<p>A Secretaria estar\u00e1 aberta para atendimento aos alunos, respons\u00e1veis e a comunidade escolar no hor\u00e1rio a seguir:<\/p>\n<p>Segunda a Sexta<\/p>\n<ul>\n<li>10:00 at\u00e9 12:00<\/li>\n<li>14:00 at\u00e9 20:00<\/li>\n<\/ul>\n\n<div class=\"gridContainer\">\n<p><\/p>\n<\/div>","protected":false},"excerpt":{"rendered":"<p>A Secretaria estar\u00e1 aberta para atendimento aos alunos, respons\u00e1veis e a comunidade escolar no hor\u00e1rio a seguir: Segunda a Sexta 10:00 at\u00e9 12:00 14:00 at\u00e9 20:00<\/p>\n","protected":false},"author":1,"featured_media":0,"parent":0,"menu_order":0,"comment_status":"closed","ping_status":"open","template":"","meta":[],"_links":{"self":[{"href":"https:\/\/etecia.com.br\/index.php?rest_route=\/wp\/v2\/pages\/1223"}],"collection":[{"href":"https:\/\/etecia.com.br\/index.php?rest_route=\/wp\/v2\/pages"}],"about":[{"href":"https:\/\/etecia.com.br\/index.php?rest_route=\/wp\/v2\/types\/page"}],"author":[{"embeddable":true,"href":"https:\/\/etecia.com.br\/index.php?rest_route=\/wp\/v2\/users\/1"}],"replies":[{"embeddable":true,"href":"https:\/\/etecia.com.br\/index.php?rest_route=%2Fwp%2Fv2%2Fcomments&post=1223"}],"version-history":[{"count":4,"href":"https:\/\/etecia.com.br\/index.php?rest_route=\/wp\/v2\/pages\/1223\/revisions"}],"predecessor-version":[{"id":5128,"href":"https:\/\/etecia.com.br\/index.php?rest_route=\/wp\/v2\/pages\/1223\/revisions\/5128"}],"wp:attachment":[{"href":"https:\/\/etecia.com.br\/index.php?rest_route=%2Fwp%2Fv2%2Fmedia&parent=1223"}],"curies":[{"name":"wp","href":"https:\/\/api.w.org\/{rel}","templated":true}]}}