{"id":1166,"date":"2015-12-28T16:05:20","date_gmt":"2015-12-28T19:05:20","guid":{"rendered":"http:\/\/etecia.com.br\/portaletecia\/?page_id=1166"},"modified":"2023-03-14T13:33:09","modified_gmt":"2023-03-14T16:33:09","slug":"horarios","status":"publish","type":"page","link":"https:\/\/etecia.com.br\/?page_id=1166","title":{"rendered":"Hor\u00e1rios"},"content":{"rendered":"<div class=\"gridContainer\">\n<p>Consulte o hor\u00e1rio de aulas da sua turma<\/p>\n<\/div>\n\n<div class=\"gridContainer\">\n<p><\/p>\n<\/div>\n\n<div class=\"gridContainer\">\n<h4>Ensino M\u00e9dio Integrado<\/h4>\n<\/div>\n\n<div class=\"gridContainer\">\n<div class=\"wp-block-columns fit-line\"><div class=\"gridContainer\">\n<div class=\"wp-block-column\"><div class=\"gridContainer\">\n<div class=\"wp-block-buttons\"><div class=\"gridContainer\">\n<div class=\"wp-block-button is-style-fill\"><a class=\"wp-block-button__link has-vivid-cyan-blue-background-color has-background\" href=\"http:\/\/etecia.com.br\/wp-content\/uploads\/2023\/02\/Novotec-PI-ADM.pdf\" style=\"border-radius:5px\" target=\"_blank\" rel=\"noreferrer noopener\">Administra\u00e7\u00e3o (integral)<\/a><\/div>\n<\/div><\/div>\n<\/div>\n\n<div class=\"gridContainer\">\n<p><\/p>\n<\/div><\/div>\n<\/div>\n\n<div class=\"gridContainer\">\n<div class=\"wp-block-column\"><div class=\"gridContainer\">\n<div class=\"wp-block-buttons\"><div class=\"gridContainer\">\n<div class=\"wp-block-button\"><a class=\"wp-block-button__link has-vivid-cyan-blue-background-color has-background\" href=\"http:\/\/etecia.com.br\/wp-content\/uploads\/2023\/02\/Novotec-PI-NUTRI.pdf\" style=\"border-radius:5px\" target=\"_blank\" rel=\"noreferrer noopener\">Nutri\u00e7\u00e3o (integral)<\/a><\/div>\n<\/div><\/div>\n<\/div><\/div>\n<\/div>\n\n<div class=\"gridContainer\">\n<div class=\"wp-block-column\"><div class=\"gridContainer\">\n<div class=\"wp-block-buttons\"><div class=\"gridContainer\">\n<div class=\"wp-block-button\"><a class=\"wp-block-button__link has-vivid-cyan-blue-background-color has-background\" href=\"http:\/\/etecia.com.br\/wp-content\/uploads\/2023\/02\/Novotec-PI-QUI.pdf\" style=\"border-radius:5px\" target=\"_blank\" rel=\"noreferrer noopener\">Qu\u00edmica (integral)<\/a><\/div>\n<\/div><\/div>\n<\/div>\n\n<div class=\"gridContainer\">\n<p><\/p>\n<\/div><\/div>\n<\/div><\/div>\n<\/div>\n\n<div class=\"gridContainer\">\n<h4>Cursos T\u00e9cnicos Sede<\/h4>\n<\/div>\n\n<div class=\"gridContainer\">\n<div class=\"wp-block-columns\"><div class=\"gridContainer\">\n<div class=\"wp-block-column\"><div class=\"gridContainer\">\n<div class=\"wp-block-buttons\"><div class=\"gridContainer\">\n<div class=\"wp-block-button\"><a class=\"wp-block-button__link has-very-light-gray-color has-luminous-vivid-orange-background-color has-text-color has-background\" href=\"http:\/\/etecia.com.br\/wp-content\/uploads\/2023\/02\/Administracao.pdf\" title=\"http:\/\/etecia.com.br\/wp-content\/uploads\/2020\/02\/Hora\u0301rio-Adm-2020-1-sem.pdf\" style=\"border-radius:5px\" target=\"_blank\" rel=\"noreferrer noopener\">Administra\u00e7\u00e3o<\/a><\/div>\n<\/div><\/div>\n<\/div><\/div>\n<\/div>\n\n<div class=\"gridContainer\">\n<div class=\"wp-block-column\"><div class=\"gridContainer\">\n<div class=\"wp-block-buttons\"><div class=\"gridContainer\">\n<div class=\"wp-block-button\"><a class=\"wp-block-button__link has-very-light-gray-color has-luminous-vivid-orange-background-color has-text-color has-background\" href=\"http:\/\/etecia.com.br\/wp-content\/uploads\/2023\/02\/DS-1.pdf\" title=\"http:\/\/etecia.com.br\/wp-content\/uploads\/2020\/01\/Hora\u0301rio-DS-2020-1-sem.pdf\" style=\"border-radius:5px\" target=\"_blank\" rel=\"noreferrer noopener\">Des. de Sistemas<\/a><\/div>\n<\/div><\/div>\n<\/div><\/div>\n<\/div>\n\n<div class=\"gridContainer\">\n<div class=\"wp-block-column\"><div class=\"gridContainer\">\n<div class=\"wp-block-buttons\"><div class=\"gridContainer\">\n<div class=\"wp-block-button\"><a class=\"wp-block-button__link has-very-light-gray-color has-luminous-vivid-orange-background-color has-text-color has-background\" href=\"http:\/\/etecia.com.br\/wp-content\/uploads\/2023\/03\/Nutricao.pdf\" title=\"http:\/\/etecia.com.br\/wp-content\/uploads\/2020\/05\/Hora\u0301rio-Nutri-2020-1-sem-1_5.pdf\" style=\"border-radius:5px\" target=\"_blank\" rel=\"noreferrer noopener\">Nutri\u00e7\u00e3o<\/a><\/div>\n<\/div><\/div>\n<\/div><\/div>\n<\/div>\n\n<div class=\"gridContainer\">\n<div class=\"wp-block-column\"><div class=\"gridContainer\">\n<div class=\"wp-block-buttons\"><div class=\"gridContainer\">\n<div class=\"wp-block-button\"><a class=\"wp-block-button__link has-very-light-gray-color has-luminous-vivid-orange-background-color has-text-color has-background\" href=\"http:\/\/etecia.com.br\/wp-content\/uploads\/2023\/02\/Horario-Quimica-.pdf\" title=\"http:\/\/etecia.com.br\/wp-content\/uploads\/2020\/02\/Hora\u0301rio-Qui-2020-1-sem-1_5.pdf\" style=\"border-radius:5px\" target=\"_blank\" rel=\"noreferrer noopener\">Qu\u00edmica<\/a><\/div>\n<\/div><\/div>\n<\/div><\/div>\n<\/div><\/div>\n<\/div>\n\n<div class=\"gridContainer\">\n<h4>Cursos T\u00e9cnicos CEU Vila Rubi<\/h4>\n<\/div>\n\n<div class=\"gridContainer\">\n<div class=\"wp-block-columns\"><div class=\"gridContainer\">\n<div class=\"wp-block-column\"><div class=\"gridContainer\">\n<div class=\"wp-block-buttons\"><div class=\"gridContainer\">\n<div class=\"wp-block-button\"><a class=\"wp-block-button__link has-vivid-green-cyan-background-color has-background\" href=\"http:\/\/etecia.com.br\/wp-content\/uploads\/2023\/02\/Administracao-VR.pdf\" title=\"http:\/\/etecia.com.br\/wp-content\/uploads\/2020\/02\/HORARIO-ADM-TURMA-E-1SEM-01-02-2020.pdf\" style=\"border-radius:5px\" target=\"_blank\" rel=\"noreferrer noopener\">Administra\u00e7\u00e3o<\/a><\/div>\n<\/div><\/div>\n<\/div>\n\n<div class=\"gridContainer\">\n<p><\/p>\n<\/div><\/div>\n<\/div>\n\n<div class=\"gridContainer\">\n<div class=\"wp-block-column\"><div class=\"gridContainer\">\n<div class=\"wp-block-buttons\"><div class=\"gridContainer\">\n<div class=\"wp-block-button\"><a class=\"wp-block-button__link has-vivid-green-cyan-background-color has-background\" href=\"http:\/\/etecia.com.br\/wp-content\/uploads\/2023\/02\/MKT-VR.pdf\" title=\"http:\/\/etecia.com.br\/wp-content\/uploads\/2020\/02\/HORARIO-SEC-1SEM-01-02-2020.pdf\" style=\"border-radius:5px\" target=\"_blank\" rel=\"noreferrer noopener\">Marketing<\/a><\/div>\n<\/div>\n\n<div class=\"gridContainer\">\n<div class=\"wp-block-button\"><a class=\"wp-block-button__link has-vivid-green-cyan-background-color has-background\" href=\"http:\/\/etecia.com.br\/wp-content\/uploads\/2023\/02\/RH-VR.pdf\" title=\"http:\/\/etecia.com.br\/wp-content\/uploads\/2020\/02\/HORARIO-SEC-1SEM-01-02-2020.pdf\" style=\"border-radius:5px\" target=\"_blank\" rel=\"noreferrer noopener\">Recursos Humanos<\/a><\/div>\n<\/div><\/div>\n<\/div><\/div>\n<\/div><\/div>\n<\/div>\n\n<div class=\"gridContainer\">\n<div class=\"wp-block-buttons\"><div class=\"gridContainer\">\n<div class=\"wp-block-button\"><a class=\"wp-block-button__link\"><\/a><\/div>\n<\/div><\/div>\n<\/div>\n\n<div class=\"gridContainer\">\n<h4>Cursos T\u00e9cnicos CEU Cidade Dutra<\/h4>\n<\/div>\n\n<div class=\"gridContainer\">\n<div class=\"wp-block-buttons\"><div class=\"gridContainer\">\n<div class=\"wp-block-button\"><a class=\"wp-block-button__link has-white-color has-vivid-purple-background-color has-text-color has-background\" href=\"http:\/\/etecia.com.br\/wp-content\/uploads\/2023\/02\/Horario-CEU-DUTRA-2023_ADM.pdf\" style=\"border-radius:5px\" target=\"_blank\" rel=\"noreferrer noopener\">Administra\u00e7\u00e3o<\/a><\/div>\n<\/div>\n\n<div class=\"gridContainer\">\n<div class=\"wp-block-button\"><a class=\"wp-block-button__link has-white-color has-vivid-purple-background-color has-text-color has-background\" href=\"http:\/\/etecia.com.br\/wp-content\/uploads\/2023\/02\/RH-CIDADE-DUTRA.pdf\" style=\"border-radius:5px\">Recursos Humano<\/a><\/div>\n<\/div><\/div>\n<\/div>","protected":false},"excerpt":{"rendered":"<p>Consulte o hor\u00e1rio de aulas da sua turma Ensino M\u00e9dio Integrado Cursos T\u00e9cnicos Sede Cursos T\u00e9cnicos CEU Vila Rubi Cursos T\u00e9cnicos CEU Cidade Dutra<\/p>\n","protected":false},"author":1,"featured_media":0,"parent":0,"menu_order":0,"comment_status":"closed","ping_status":"open","template":"","meta":[],"_links":{"self":[{"href":"https:\/\/etecia.com.br\/index.php?rest_route=\/wp\/v2\/pages\/1166"}],"collection":[{"href":"https:\/\/etecia.com.br\/index.php?rest_route=\/wp\/v2\/pages"}],"about":[{"href":"https:\/\/etecia.com.br\/index.php?rest_route=\/wp\/v2\/types\/page"}],"author":[{"embeddable":true,"href":"https:\/\/etecia.com.br\/index.php?rest_route=\/wp\/v2\/users\/1"}],"replies":[{"embeddable":true,"href":"https:\/\/etecia.com.br\/index.php?rest_route=%2Fwp%2Fv2%2Fcomments&post=1166"}],"version-history":[{"count":147,"href":"https:\/\/etecia.com.br\/index.php?rest_route=\/wp\/v2\/pages\/1166\/revisions"}],"predecessor-version":[{"id":5247,"href":"https:\/\/etecia.com.br\/index.php?rest_route=\/wp\/v2\/pages\/1166\/revisions\/5247"}],"wp:attachment":[{"href":"https:\/\/etecia.com.br\/index.php?rest_route=%2Fwp%2Fv2%2Fmedia&parent=1166"}],"curies":[{"name":"wp","href":"https:\/\/api.w.org\/{rel}","templated":true}]}}