{"id":1163,"date":"2015-12-28T16:02:03","date_gmt":"2015-12-28T19:02:03","guid":{"rendered":"http:\/\/etecia.com.br\/portaletecia\/?page_id=1163"},"modified":"2015-12-28T16:02:03","modified_gmt":"2015-12-28T19:02:03","slug":"conselho-de-escola","status":"publish","type":"page","link":"https:\/\/etecia.com.br\/?page_id=1163","title":{"rendered":"Conselho de Escola"},"content":{"rendered":"<p>O Conselho de Escola \u00e9 regulamentado pelo Regimento Comum das Escolas T\u00e9cnicas do CEETEPS. Transcrevemos abaixo o cap\u00edtulo que disciplina o assunto.\u00a0A seguir elencamos os membros do Conselho de Escola da ETEC Irm\u00e3 Agostina<\/p>\n<p>CAP\u00cdTULO I\u2028Do Conselho de Escola<\/p>\n<p>Artigo 10 &#8211; A UE ter\u00e1, como \u00f3rg\u00e3o deliberativo, o Conselho de Escola, integrado por representantes da comunidade escolar e da comunidade extra- escolar, cuja composi\u00e7\u00e3o ser\u00e1:<br \/>\nI &#8211; pela comunidade escolar:<br \/>\na) Diretor, presidente nato;<br \/>\nb) um dos coordenadores de \u00e1rea;<br \/>\nc) um dos professores;<br \/>\nd) um dos servidores t\u00e9cnico-administrativos;<br \/>\ne) um dos pais de alunos;<br \/>\nf) um dos alunos.<br \/>\nII &#8211; pela comunidade extra-escolar:<br \/>\na) representante de \u00f3rg\u00e3o de classe;<br \/>\nb) representante dos empres\u00e1rios, vinculado a um dos cursos;<br \/>\nc) aluno egresso atuante em sua \u00e1rea de forma\u00e7\u00e3o t\u00e9cnica;<br \/>\nd) representante do poder p\u00fablico municipal;<br \/>\ne)representante de organiza\u00e7\u00f5es n\u00e3o-governamentais;<br \/>\nf) representante de entidades assistenciais;<br \/>\ng) representante de demais segmentos de interesse da escola.<br \/>\n1\u00ba- A composi\u00e7\u00e3o da comunidade extra-escolar ser\u00e1 de no m\u00ednimo tr\u00eas membros e, no m\u00e1ximo, seis membros.<br \/>\n2\u00ba &#8211; Os representantes mencionados no inciso I, al\u00edneas de \u201cb\u201d a \u201cf\u201d, ser\u00e3o escolhidos pelos seus pares e, os mencionados no inciso II, pela Dire\u00e7\u00e3o da Escola.<br \/>\n3\u00ba &#8211; Os representantes cumprir\u00e3o mandato de um ano, permitidas recondu\u00e7\u00f5es.<br \/>\nArtigo 11 &#8211; O Conselho de Escola ter\u00e1 as seguintes atribui\u00e7\u00f5es:<br \/>\nI &#8211; deliberar sobre:<br \/>\na) a proposta pedag\u00f3gica da escola;<br \/>\nb) as alternativas de solu\u00e7\u00e3o para os problemas administrativos e pedag\u00f3gicos;<br \/>\nc) as prioridades para aplica\u00e7\u00e3o de recursos gerados pela escola e institui\u00e7\u00f5es auxiliares;<br \/>\nII &#8211; propor ao CEETEPS a extin\u00e7\u00e3o ou a cria\u00e7\u00e3o de cursos;<br \/>\nIII &#8211; aprovar o Plano Plurianual de Gest\u00e3o e o Plano Escolar;<br \/>\nIV &#8211; apreciar os relat\u00f3rios anuais da escola, analisando seu desempenho diante das diretrizes e metas estabelecidas.<br \/>\n1\u00ba &#8211; O Conselho de Escola poder\u00e1 ser convocado pela Dire\u00e7\u00e3o para manifestar-se sobre outros temas de interesse da comunidade escolar.<br \/>\n2\u00ba &#8211; O Conselho de Escola reunir-se-\u00e1, ordinariamente, no m\u00ednimo, uma vez a cada semestre e, extraordinariamente, quando convocado pelo seu presidente ou pela maioria de seus membros.<br \/>\nConselho de Escola da ETEC Irm\u00e3 Agostina<br \/>\n<strong>Diretora:<\/strong> Ana L\u00facia Cala\u00e7a<\/p>\n<p><strong>Coordenador de \u00c1rea:\u00a0<\/strong>Jo\u00e3o Carlos Lima e Silva<\/p>\n<p><strong>Professor:\u00a0<\/strong>Elizabel Cristina Silva Osmundo<\/p>\n<p><strong>Servidor T\u00e9c. Administrativo:\u00a0<\/strong>Milton Novaes<\/p>\n<p><strong>Pai de Aluno:<\/strong> Ailton Mendes Correia<\/p>\n<p><strong>Aluno:<\/strong> Santiago Noronha<\/p>\n<p><strong>Aluno Egresso:\u00a0<\/strong>Marcos Viana Silveira<\/p>\n<p><strong>Representante dos Empres\u00e1rios:\u00a0<\/strong>\u00c1lvaro Mendes da Rocha<\/p>\n<p><strong>Segmento de Interesse da Escola:<\/strong> Marisa Aki Kato Nishida<\/p>\n<p><strong>Representante de \u00d3rg\u00e3o de Classe<\/strong>: Ailton Mendes Correia<\/p>\n<p>&nbsp;<\/p>\n","protected":false},"excerpt":{"rendered":"<p>O Conselho de Escola \u00e9 regulamentado pelo Regimento Comum das Escolas T\u00e9cnicas do CEETEPS. Transcrevemos abaixo o cap\u00edtulo que disciplina o assunto.\u00a0A seguir elencamos os membros do Conselho de Escola da ETEC Irm\u00e3 Agostina CAP\u00cdTULO I\u2028Do Conselho de Escola Artigo 10 &#8211; A UE ter\u00e1, como \u00f3rg\u00e3o deliberativo, o Conselho de Escola, integrado por representantes&nbsp;&hellip;<\/p>\n","protected":false},"author":1,"featured_media":0,"parent":0,"menu_order":0,"comment_status":"closed","ping_status":"open","template":"","meta":[],"_links":{"self":[{"href":"https:\/\/etecia.com.br\/index.php?rest_route=\/wp\/v2\/pages\/1163"}],"collection":[{"href":"https:\/\/etecia.com.br\/index.php?rest_route=\/wp\/v2\/pages"}],"about":[{"href":"https:\/\/etecia.com.br\/index.php?rest_route=\/wp\/v2\/types\/page"}],"author":[{"embeddable":true,"href":"https:\/\/etecia.com.br\/index.php?rest_route=\/wp\/v2\/users\/1"}],"replies":[{"embeddable":true,"href":"https:\/\/etecia.com.br\/index.php?rest_route=%2Fwp%2Fv2%2Fcomments&post=1163"}],"version-history":[{"count":0,"href":"https:\/\/etecia.com.br\/index.php?rest_route=\/wp\/v2\/pages\/1163\/revisions"}],"wp:attachment":[{"href":"https:\/\/etecia.com.br\/index.php?rest_route=%2Fwp%2Fv2%2Fmedia&parent=1163"}],"curies":[{"name":"wp","href":"https:\/\/api.w.org\/{rel}","templated":true}]}}