{"id":1156,"date":"2015-12-28T15:49:32","date_gmt":"2015-12-28T18:49:32","guid":{"rendered":"http:\/\/etecia.com.br\/portaletecia\/?page_id=1156"},"modified":"2024-06-26T11:01:15","modified_gmt":"2024-06-26T14:01:15","slug":"regimento","status":"publish","type":"page","link":"https:\/\/etecia.com.br\/?page_id=1156","title":{"rendered":"Regimento"},"content":{"rendered":"<div class=\"gridContainer\">\n<p>O regimento escolar \u00e9 um conjunto de normas que estabelece os par\u00e2metros para a boa conviv\u00eancia na escola.<\/p>\n<\/div>\n\n<div class=\"gridContainer\">\n<p>Clique no link a seguir para acessar o regimento atual.<\/p>\n<\/div>\n\n<div class=\"gridContainer\">\n<div class=\"wp-block-buttons\"><div class=\"gridContainer\">\n<div class=\"wp-block-button\"><a class=\"wp-block-button__link\" href=\"http:\/\/etecia.com.br\/wp-content\/uploads\/2024\/06\/Normas-de-Convive\u0302ncia-2024.pdf\" target=\"_blank\" rel=\"noreferrer noopener\">Regimento Comum das ETECs<\/a><\/div>\n<\/div><\/div>\n<\/div>","protected":false},"excerpt":{"rendered":"<p>O regimento escolar \u00e9 um conjunto de normas que estabelece os par\u00e2metros para a boa conviv\u00eancia na escola. Clique no link a seguir para acessar o regimento atual.<\/p>\n","protected":false},"author":1,"featured_media":0,"parent":0,"menu_order":0,"comment_status":"closed","ping_status":"open","template":"","meta":[],"_links":{"self":[{"href":"https:\/\/etecia.com.br\/index.php?rest_route=\/wp\/v2\/pages\/1156"}],"collection":[{"href":"https:\/\/etecia.com.br\/index.php?rest_route=\/wp\/v2\/pages"}],"about":[{"href":"https:\/\/etecia.com.br\/index.php?rest_route=\/wp\/v2\/types\/page"}],"author":[{"embeddable":true,"href":"https:\/\/etecia.com.br\/index.php?rest_route=\/wp\/v2\/users\/1"}],"replies":[{"embeddable":true,"href":"https:\/\/etecia.com.br\/index.php?rest_route=%2Fwp%2Fv2%2Fcomments&post=1156"}],"version-history":[{"count":2,"href":"https:\/\/etecia.com.br\/index.php?rest_route=\/wp\/v2\/pages\/1156\/revisions"}],"predecessor-version":[{"id":5353,"href":"https:\/\/etecia.com.br\/index.php?rest_route=\/wp\/v2\/pages\/1156\/revisions\/5353"}],"wp:attachment":[{"href":"https:\/\/etecia.com.br\/index.php?rest_route=%2Fwp%2Fv2%2Fmedia&parent=1156"}],"curies":[{"name":"wp","href":"https:\/\/api.w.org\/{rel}","templated":true}]}}